{"id":905,"date":"2022-01-04T16:52:02","date_gmt":"2022-01-04T15:52:02","guid":{"rendered":"http:\/\/advantronic.hixd.es\/?post_type=product&#038;p=905"},"modified":"2023-02-26T11:00:13","modified_gmt":"2023-02-26T10:00:13","slug":"detector-de-calor-convencional-clase-a1r","status":"publish","type":"product","link":"https:\/\/advantronic.hixd.es\/en\/sistema-convencional\/detector-de-calor-convencional-clase-a1r\/","title":{"rendered":"Detector de calor convencional clase A1R"},"content":{"rendered":"<p>AT120CM es un detector convencional de bajo coste y est\u00e9ticamente agradable que mide gradiente de temperatura y m\u00e1xima temperatura. Estos detectores est\u00e1n dise\u00f1ados para la protecci\u00f3n de \u00e1reas abiertas y proporcionan la mejor alarma de incendio en lugares donde las tecnolog\u00edas de detecci\u00f3n de humo no son adecuadas. Cuenta con un indicador LED posicionado en el centro que proporciona una visibilidad de 360\u00ba de la activaci\u00f3n del detector. La funci\u00f3n de test de im\u00e1n incorporada permite una activaci\u00f3n f\u00e1cil para verificar el funcionamiento de los detectores. Una selecci\u00f3n de bases de conexi\u00f3n hace que la unidad sea compatible con la mayor\u00eda de los equipos de control convencionales.<\/p>\n","protected":false},"excerpt":{"rendered":"<p>AT120CM es un detector convencional de bajo coste y est\u00e9ticamente agradable que mide gradiente de temperatura y m\u00e1xima temperatura. Estos detectores est\u00e1n dise\u00f1ados para la protecci\u00f3n de \u00e1reas abiertas y proporcionan la mejor alarma de incendio en lugares donde las tecnolog\u00edas de detecci\u00f3n de humo no son adecuadas. Cuenta con un indicador LED posicionado en [&hellip;]<\/p>\n","protected":false},"featured_media":901,"template":"","meta":{"inline_featured_image":false},"product_cat":[25,26],"product_tag":[],"acf":[],"yoast_head":"<!-- This site is optimized with the Yoast SEO plugin v19.13 - https:\/\/yoast.com\/wordpress\/plugins\/seo\/ -->\n<title>Detector de calor convencional clase A1R - Advantronic<\/title>\n<meta name=\"robots\" content=\"noindex, follow, max-snippet:-1, max-image-preview:large, max-video-preview:-1\" \/>\n<meta property=\"og:locale\" content=\"en_US\" \/>\n<meta property=\"og:type\" content=\"article\" \/>\n<meta property=\"og:title\" content=\"Detector de calor convencional clase A1R - Advantronic\" \/>\n<meta property=\"og:description\" content=\"AT120CM es un detector convencional de bajo coste y est\u00e9ticamente agradable que mide gradiente de temperatura y m\u00e1xima temperatura. Estos detectores est\u00e1n dise\u00f1ados para la protecci\u00f3n de \u00e1reas abiertas y proporcionan la mejor alarma de incendio en lugares donde las tecnolog\u00edas de detecci\u00f3n de humo no son adecuadas. Cuenta con un indicador LED posicionado en [&hellip;]\" \/>\n<meta property=\"og:url\" content=\"https:\/\/advantronic.hixd.es\/en\/sistema-convencional\/detector-de-calor-convencional-clase-a1r\/\" \/>\n<meta property=\"og:site_name\" content=\"Advantronic\" \/>\n<meta property=\"article:publisher\" content=\"https:\/\/www.facebook.com\/Advantronic\" \/>\n<meta property=\"article:modified_time\" content=\"2023-02-26T10:00:13+00:00\" \/>\n<meta name=\"twitter:card\" content=\"summary_large_image\" \/>\n<meta name=\"twitter:image\" content=\"https:\/\/advantronic.hixd.es\/wp-content\/uploads\/2022\/01\/AT120CM_f.bmp\" \/>\n<meta name=\"twitter:site\" content=\"@advantronic\" \/>\n<meta name=\"twitter:label1\" content=\"Est. reading time\" \/>\n\t<meta name=\"twitter:data1\" content=\"1 minute\" \/>\n<script type=\"application\/ld+json\" class=\"yoast-schema-graph\">{\"@context\":\"https:\/\/schema.org\",\"@graph\":[{\"@type\":\"WebPage\",\"@id\":\"https:\/\/advantronic.hixd.es\/en\/sistema-convencional\/detector-de-calor-convencional-clase-a1r\/\",\"url\":\"https:\/\/advantronic.hixd.es\/en\/sistema-convencional\/detector-de-calor-convencional-clase-a1r\/\",\"name\":\"Detector de calor convencional clase A1R - Advantronic\",\"isPartOf\":{\"@id\":\"https:\/\/advantronic.hixd.es\/#website\"},\"datePublished\":\"2022-01-04T15:52:02+00:00\",\"dateModified\":\"2023-02-26T10:00:13+00:00\",\"breadcrumb\":{\"@id\":\"https:\/\/advantronic.hixd.es\/en\/sistema-convencional\/detector-de-calor-convencional-clase-a1r\/#breadcrumb\"},\"inLanguage\":\"en-US\",\"potentialAction\":[{\"@type\":\"ReadAction\",\"target\":[\"https:\/\/advantronic.hixd.es\/en\/sistema-convencional\/detector-de-calor-convencional-clase-a1r\/\"]}]},{\"@type\":\"BreadcrumbList\",\"@id\":\"https:\/\/advantronic.hixd.es\/en\/sistema-convencional\/detector-de-calor-convencional-clase-a1r\/#breadcrumb\",\"itemListElement\":[{\"@type\":\"ListItem\",\"position\":1,\"name\":\"Portada\",\"item\":\"https:\/\/advantronic.hixd.es\/en\/\"},{\"@type\":\"ListItem\",\"position\":2,\"name\":\"Products\",\"item\":\"https:\/\/advantronic.hixd.es\/en\/shop\/\"},{\"@type\":\"ListItem\",\"position\":3,\"name\":\"Detector de calor convencional clase A1R\"}]},{\"@type\":\"WebSite\",\"@id\":\"https:\/\/advantronic.hixd.es\/#website\",\"url\":\"https:\/\/advantronic.hixd.es\/\",\"name\":\"Advantronic\",\"description\":\"Sistemas de detecci\u00f3n autom\u00e1tica de incendios\",\"publisher\":{\"@id\":\"https:\/\/advantronic.hixd.es\/#organization\"},\"potentialAction\":[{\"@type\":\"SearchAction\",\"target\":{\"@type\":\"EntryPoint\",\"urlTemplate\":\"https:\/\/advantronic.hixd.es\/?s={search_term_string}\"},\"query-input\":\"required name=search_term_string\"}],\"inLanguage\":\"en-US\"},{\"@type\":\"Organization\",\"@id\":\"https:\/\/advantronic.hixd.es\/#organization\",\"name\":\"Advantronic Systems, S.L.\",\"url\":\"https:\/\/advantronic.hixd.es\/\",\"logo\":{\"@type\":\"ImageObject\",\"inLanguage\":\"en-US\",\"@id\":\"https:\/\/advantronic.hixd.es\/#\/schema\/logo\/image\/\",\"url\":\"https:\/\/advantronic.hixd.es\/wp-content\/uploads\/2022\/01\/logo_advantronic.png\",\"contentUrl\":\"https:\/\/advantronic.hixd.es\/wp-content\/uploads\/2022\/01\/logo_advantronic.png\",\"width\":154,\"height\":26,\"caption\":\"Advantronic Systems, S.L.\"},\"image\":{\"@id\":\"https:\/\/advantronic.hixd.es\/#\/schema\/logo\/image\/\"},\"sameAs\":[\"https:\/\/www.facebook.com\/Advantronic\",\"https:\/\/twitter.com\/advantronic\"]}]}<\/script>\n<!-- \/ Yoast SEO plugin. -->","yoast_head_json":{"title":"Detector de calor convencional clase A1R - Advantronic","robots":{"index":"noindex","follow":"follow","max-snippet":"max-snippet:-1","max-image-preview":"max-image-preview:large","max-video-preview":"max-video-preview:-1"},"og_locale":"en_US","og_type":"article","og_title":"Detector de calor convencional clase A1R - Advantronic","og_description":"AT120CM es un detector convencional de bajo coste y est\u00e9ticamente agradable que mide gradiente de temperatura y m\u00e1xima temperatura. Estos detectores est\u00e1n dise\u00f1ados para la protecci\u00f3n de \u00e1reas abiertas y proporcionan la mejor alarma de incendio en lugares donde las tecnolog\u00edas de detecci\u00f3n de humo no son adecuadas. Cuenta con un indicador LED posicionado en [&hellip;]","og_url":"https:\/\/advantronic.hixd.es\/en\/sistema-convencional\/detector-de-calor-convencional-clase-a1r\/","og_site_name":"Advantronic","article_publisher":"https:\/\/www.facebook.com\/Advantronic","article_modified_time":"2023-02-26T10:00:13+00:00","twitter_card":"summary_large_image","twitter_image":"https:\/\/advantronic.hixd.es\/wp-content\/uploads\/2022\/01\/AT120CM_f.bmp","twitter_site":"@advantronic","twitter_misc":{"Est. reading time":"1 minute"},"schema":{"@context":"https:\/\/schema.org","@graph":[{"@type":"WebPage","@id":"https:\/\/advantronic.hixd.es\/en\/sistema-convencional\/detector-de-calor-convencional-clase-a1r\/","url":"https:\/\/advantronic.hixd.es\/en\/sistema-convencional\/detector-de-calor-convencional-clase-a1r\/","name":"Detector de calor convencional clase A1R - Advantronic","isPartOf":{"@id":"https:\/\/advantronic.hixd.es\/#website"},"datePublished":"2022-01-04T15:52:02+00:00","dateModified":"2023-02-26T10:00:13+00:00","breadcrumb":{"@id":"https:\/\/advantronic.hixd.es\/en\/sistema-convencional\/detector-de-calor-convencional-clase-a1r\/#breadcrumb"},"inLanguage":"en-US","potentialAction":[{"@type":"ReadAction","target":["https:\/\/advantronic.hixd.es\/en\/sistema-convencional\/detector-de-calor-convencional-clase-a1r\/"]}]},{"@type":"BreadcrumbList","@id":"https:\/\/advantronic.hixd.es\/en\/sistema-convencional\/detector-de-calor-convencional-clase-a1r\/#breadcrumb","itemListElement":[{"@type":"ListItem","position":1,"name":"Portada","item":"https:\/\/advantronic.hixd.es\/en\/"},{"@type":"ListItem","position":2,"name":"Products","item":"https:\/\/advantronic.hixd.es\/en\/shop\/"},{"@type":"ListItem","position":3,"name":"Detector de calor convencional clase A1R"}]},{"@type":"WebSite","@id":"https:\/\/advantronic.hixd.es\/#website","url":"https:\/\/advantronic.hixd.es\/","name":"Advantronic","description":"Sistemas de detecci\u00f3n autom\u00e1tica de incendios","publisher":{"@id":"https:\/\/advantronic.hixd.es\/#organization"},"potentialAction":[{"@type":"SearchAction","target":{"@type":"EntryPoint","urlTemplate":"https:\/\/advantronic.hixd.es\/?s={search_term_string}"},"query-input":"required name=search_term_string"}],"inLanguage":"en-US"},{"@type":"Organization","@id":"https:\/\/advantronic.hixd.es\/#organization","name":"Advantronic Systems, S.L.","url":"https:\/\/advantronic.hixd.es\/","logo":{"@type":"ImageObject","inLanguage":"en-US","@id":"https:\/\/advantronic.hixd.es\/#\/schema\/logo\/image\/","url":"https:\/\/advantronic.hixd.es\/wp-content\/uploads\/2022\/01\/logo_advantronic.png","contentUrl":"https:\/\/advantronic.hixd.es\/wp-content\/uploads\/2022\/01\/logo_advantronic.png","width":154,"height":26,"caption":"Advantronic Systems, S.L."},"image":{"@id":"https:\/\/advantronic.hixd.es\/#\/schema\/logo\/image\/"},"sameAs":["https:\/\/www.facebook.com\/Advantronic","https:\/\/twitter.com\/advantronic"]}]}},"_links":{"self":[{"href":"https:\/\/advantronic.hixd.es\/en\/wp-json\/wp\/v2\/product\/905"}],"collection":[{"href":"https:\/\/advantronic.hixd.es\/en\/wp-json\/wp\/v2\/product"}],"about":[{"href":"https:\/\/advantronic.hixd.es\/en\/wp-json\/wp\/v2\/types\/product"}],"wp:featuredmedia":[{"embeddable":true,"href":"https:\/\/advantronic.hixd.es\/en\/wp-json\/wp\/v2\/media\/901"}],"wp:attachment":[{"href":"https:\/\/advantronic.hixd.es\/en\/wp-json\/wp\/v2\/media?parent=905"}],"wp:term":[{"taxonomy":"product_cat","embeddable":true,"href":"https:\/\/advantronic.hixd.es\/en\/wp-json\/wp\/v2\/product_cat?post=905"},{"taxonomy":"product_tag","embeddable":true,"href":"https:\/\/advantronic.hixd.es\/en\/wp-json\/wp\/v2\/product_tag?post=905"}],"curies":[{"name":"wp","href":"https:\/\/api.w.org\/{rel}","templated":true}]}}