{"id":674,"date":"2021-12-29T10:53:56","date_gmt":"2021-12-29T09:53:56","guid":{"rendered":"http:\/\/advantronic.hixd.es\/?post_type=product&#038;p=674"},"modified":"2021-12-31T12:45:27","modified_gmt":"2021-12-31T11:45:27","slug":"pulsador-manual-wireless-taurus","status":"publish","type":"product","link":"https:\/\/advantronic.hixd.es\/en\/sistema-wireless\/pulsador-manual-wireless-taurus\/","title":{"rendered":"Pulsador manual wireless (Taurus)"},"content":{"rendered":"<p>El pulsador manual AVW511AL es un dispositivo wireless totalmente inteligente y compatible con todos los Translator y Expansores de la serie Taurus de Advantronic. La unidad cuenta con un elemento de pl\u00e1stico reseteable, que muestra una bandera de alarma desplegable cuando est\u00e1 activado. EL pulsador est\u00e1 provisto con una llave para el rearme y la apertura de la caja. La unidad puede instalarse con una cubierta transparente opcional para prevenir una activaci\u00f3n accidental, o con una carcasa IP64 para su uso en espacios de exterior o entornos hostiles.<\/p>\n","protected":false},"excerpt":{"rendered":"<p>El pulsador manual AVW511AL es un dispositivo wireless totalmente inteligente y compatible con todos los Translator y Expansores de la serie Taurus de Advantronic. La unidad cuenta con un elemento de pl\u00e1stico reseteable, que muestra una bandera de alarma desplegable cuando est\u00e1 activado. EL pulsador est\u00e1 provisto con una llave para el rearme y la [&hellip;]<\/p>\n","protected":false},"featured_media":675,"template":"","meta":{"inline_featured_image":false},"product_cat":[24,19],"product_tag":[],"acf":[],"yoast_head":"<!-- This site is optimized with the Yoast SEO plugin v19.13 - https:\/\/yoast.com\/wordpress\/plugins\/seo\/ -->\n<title>Pulsador manual wireless (Taurus) - Advantronic<\/title>\n<meta name=\"robots\" content=\"noindex, follow, max-snippet:-1, max-image-preview:large, max-video-preview:-1\" \/>\n<meta property=\"og:locale\" content=\"en_US\" \/>\n<meta property=\"og:type\" content=\"article\" \/>\n<meta property=\"og:title\" content=\"Pulsador manual wireless (Taurus) - Advantronic\" \/>\n<meta property=\"og:description\" content=\"El pulsador manual AVW511AL es un dispositivo wireless totalmente inteligente y compatible con todos los Translator y Expansores de la serie Taurus de Advantronic. La unidad cuenta con un elemento de pl\u00e1stico reseteable, que muestra una bandera de alarma desplegable cuando est\u00e1 activado. EL pulsador est\u00e1 provisto con una llave para el rearme y la [&hellip;]\" \/>\n<meta property=\"og:url\" content=\"https:\/\/advantronic.hixd.es\/en\/sistema-wireless\/pulsador-manual-wireless-taurus\/\" \/>\n<meta property=\"og:site_name\" content=\"Advantronic\" \/>\n<meta property=\"article:publisher\" content=\"https:\/\/www.facebook.com\/Advantronic\" \/>\n<meta property=\"article:modified_time\" content=\"2021-12-31T11:45:27+00:00\" \/>\n<meta property=\"og:image\" content=\"https:\/\/advantronic.hixd.es\/wp-content\/uploads\/2021\/12\/AVW511AL_f.jpg\" \/>\n\t<meta property=\"og:image:width\" content=\"514\" \/>\n\t<meta property=\"og:image:height\" content=\"485\" \/>\n\t<meta property=\"og:image:type\" content=\"image\/jpeg\" \/>\n<meta name=\"twitter:card\" content=\"summary_large_image\" \/>\n<meta name=\"twitter:site\" content=\"@advantronic\" \/>\n<script type=\"application\/ld+json\" class=\"yoast-schema-graph\">{\"@context\":\"https:\/\/schema.org\",\"@graph\":[{\"@type\":\"WebPage\",\"@id\":\"https:\/\/advantronic.hixd.es\/en\/sistema-wireless\/pulsador-manual-wireless-taurus\/\",\"url\":\"https:\/\/advantronic.hixd.es\/en\/sistema-wireless\/pulsador-manual-wireless-taurus\/\",\"name\":\"Pulsador manual wireless (Taurus) - Advantronic\",\"isPartOf\":{\"@id\":\"https:\/\/advantronic.hixd.es\/#website\"},\"datePublished\":\"2021-12-29T09:53:56+00:00\",\"dateModified\":\"2021-12-31T11:45:27+00:00\",\"breadcrumb\":{\"@id\":\"https:\/\/advantronic.hixd.es\/en\/sistema-wireless\/pulsador-manual-wireless-taurus\/#breadcrumb\"},\"inLanguage\":\"en-US\",\"potentialAction\":[{\"@type\":\"ReadAction\",\"target\":[\"https:\/\/advantronic.hixd.es\/en\/sistema-wireless\/pulsador-manual-wireless-taurus\/\"]}]},{\"@type\":\"BreadcrumbList\",\"@id\":\"https:\/\/advantronic.hixd.es\/en\/sistema-wireless\/pulsador-manual-wireless-taurus\/#breadcrumb\",\"itemListElement\":[{\"@type\":\"ListItem\",\"position\":1,\"name\":\"Portada\",\"item\":\"https:\/\/advantronic.hixd.es\/en\/\"},{\"@type\":\"ListItem\",\"position\":2,\"name\":\"Products\",\"item\":\"https:\/\/advantronic.hixd.es\/en\/shop\/\"},{\"@type\":\"ListItem\",\"position\":3,\"name\":\"Pulsador manual wireless (Taurus)\"}]},{\"@type\":\"WebSite\",\"@id\":\"https:\/\/advantronic.hixd.es\/#website\",\"url\":\"https:\/\/advantronic.hixd.es\/\",\"name\":\"Advantronic\",\"description\":\"Sistemas de detecci\u00f3n autom\u00e1tica de incendios\",\"publisher\":{\"@id\":\"https:\/\/advantronic.hixd.es\/#organization\"},\"potentialAction\":[{\"@type\":\"SearchAction\",\"target\":{\"@type\":\"EntryPoint\",\"urlTemplate\":\"https:\/\/advantronic.hixd.es\/?s={search_term_string}\"},\"query-input\":\"required name=search_term_string\"}],\"inLanguage\":\"en-US\"},{\"@type\":\"Organization\",\"@id\":\"https:\/\/advantronic.hixd.es\/#organization\",\"name\":\"Advantronic Systems, S.L.\",\"url\":\"https:\/\/advantronic.hixd.es\/\",\"logo\":{\"@type\":\"ImageObject\",\"inLanguage\":\"en-US\",\"@id\":\"https:\/\/advantronic.hixd.es\/#\/schema\/logo\/image\/\",\"url\":\"https:\/\/advantronic.hixd.es\/wp-content\/uploads\/2022\/01\/logo_advantronic.png\",\"contentUrl\":\"https:\/\/advantronic.hixd.es\/wp-content\/uploads\/2022\/01\/logo_advantronic.png\",\"width\":154,\"height\":26,\"caption\":\"Advantronic Systems, S.L.\"},\"image\":{\"@id\":\"https:\/\/advantronic.hixd.es\/#\/schema\/logo\/image\/\"},\"sameAs\":[\"https:\/\/www.facebook.com\/Advantronic\",\"https:\/\/twitter.com\/advantronic\"]}]}<\/script>\n<!-- \/ Yoast SEO plugin. -->","yoast_head_json":{"title":"Pulsador manual wireless (Taurus) - Advantronic","robots":{"index":"noindex","follow":"follow","max-snippet":"max-snippet:-1","max-image-preview":"max-image-preview:large","max-video-preview":"max-video-preview:-1"},"og_locale":"en_US","og_type":"article","og_title":"Pulsador manual wireless (Taurus) - Advantronic","og_description":"El pulsador manual AVW511AL es un dispositivo wireless totalmente inteligente y compatible con todos los Translator y Expansores de la serie Taurus de Advantronic. La unidad cuenta con un elemento de pl\u00e1stico reseteable, que muestra una bandera de alarma desplegable cuando est\u00e1 activado. EL pulsador est\u00e1 provisto con una llave para el rearme y la [&hellip;]","og_url":"https:\/\/advantronic.hixd.es\/en\/sistema-wireless\/pulsador-manual-wireless-taurus\/","og_site_name":"Advantronic","article_publisher":"https:\/\/www.facebook.com\/Advantronic","article_modified_time":"2021-12-31T11:45:27+00:00","og_image":[{"width":514,"height":485,"url":"https:\/\/advantronic.hixd.es\/wp-content\/uploads\/2021\/12\/AVW511AL_f.jpg","type":"image\/jpeg"}],"twitter_card":"summary_large_image","twitter_site":"@advantronic","schema":{"@context":"https:\/\/schema.org","@graph":[{"@type":"WebPage","@id":"https:\/\/advantronic.hixd.es\/en\/sistema-wireless\/pulsador-manual-wireless-taurus\/","url":"https:\/\/advantronic.hixd.es\/en\/sistema-wireless\/pulsador-manual-wireless-taurus\/","name":"Pulsador manual wireless (Taurus) - Advantronic","isPartOf":{"@id":"https:\/\/advantronic.hixd.es\/#website"},"datePublished":"2021-12-29T09:53:56+00:00","dateModified":"2021-12-31T11:45:27+00:00","breadcrumb":{"@id":"https:\/\/advantronic.hixd.es\/en\/sistema-wireless\/pulsador-manual-wireless-taurus\/#breadcrumb"},"inLanguage":"en-US","potentialAction":[{"@type":"ReadAction","target":["https:\/\/advantronic.hixd.es\/en\/sistema-wireless\/pulsador-manual-wireless-taurus\/"]}]},{"@type":"BreadcrumbList","@id":"https:\/\/advantronic.hixd.es\/en\/sistema-wireless\/pulsador-manual-wireless-taurus\/#breadcrumb","itemListElement":[{"@type":"ListItem","position":1,"name":"Portada","item":"https:\/\/advantronic.hixd.es\/en\/"},{"@type":"ListItem","position":2,"name":"Products","item":"https:\/\/advantronic.hixd.es\/en\/shop\/"},{"@type":"ListItem","position":3,"name":"Pulsador manual wireless (Taurus)"}]},{"@type":"WebSite","@id":"https:\/\/advantronic.hixd.es\/#website","url":"https:\/\/advantronic.hixd.es\/","name":"Advantronic","description":"Sistemas de detecci\u00f3n autom\u00e1tica de incendios","publisher":{"@id":"https:\/\/advantronic.hixd.es\/#organization"},"potentialAction":[{"@type":"SearchAction","target":{"@type":"EntryPoint","urlTemplate":"https:\/\/advantronic.hixd.es\/?s={search_term_string}"},"query-input":"required name=search_term_string"}],"inLanguage":"en-US"},{"@type":"Organization","@id":"https:\/\/advantronic.hixd.es\/#organization","name":"Advantronic Systems, S.L.","url":"https:\/\/advantronic.hixd.es\/","logo":{"@type":"ImageObject","inLanguage":"en-US","@id":"https:\/\/advantronic.hixd.es\/#\/schema\/logo\/image\/","url":"https:\/\/advantronic.hixd.es\/wp-content\/uploads\/2022\/01\/logo_advantronic.png","contentUrl":"https:\/\/advantronic.hixd.es\/wp-content\/uploads\/2022\/01\/logo_advantronic.png","width":154,"height":26,"caption":"Advantronic Systems, S.L."},"image":{"@id":"https:\/\/advantronic.hixd.es\/#\/schema\/logo\/image\/"},"sameAs":["https:\/\/www.facebook.com\/Advantronic","https:\/\/twitter.com\/advantronic"]}]}},"_links":{"self":[{"href":"https:\/\/advantronic.hixd.es\/en\/wp-json\/wp\/v2\/product\/674"}],"collection":[{"href":"https:\/\/advantronic.hixd.es\/en\/wp-json\/wp\/v2\/product"}],"about":[{"href":"https:\/\/advantronic.hixd.es\/en\/wp-json\/wp\/v2\/types\/product"}],"wp:featuredmedia":[{"embeddable":true,"href":"https:\/\/advantronic.hixd.es\/en\/wp-json\/wp\/v2\/media\/675"}],"wp:attachment":[{"href":"https:\/\/advantronic.hixd.es\/en\/wp-json\/wp\/v2\/media?parent=674"}],"wp:term":[{"taxonomy":"product_cat","embeddable":true,"href":"https:\/\/advantronic.hixd.es\/en\/wp-json\/wp\/v2\/product_cat?post=674"},{"taxonomy":"product_tag","embeddable":true,"href":"https:\/\/advantronic.hixd.es\/en\/wp-json\/wp\/v2\/product_tag?post=674"}],"curies":[{"name":"wp","href":"https:\/\/api.w.org\/{rel}","templated":true}]}}