{"id":421,"date":"2021-11-19T10:00:08","date_gmt":"2021-11-19T09:00:08","guid":{"rendered":"http:\/\/advantronic.hixd.es\/?post_type=product&#038;p=421"},"modified":"2021-12-17T18:24:20","modified_gmt":"2021-12-17T17:24:20","slug":"programador-manual","status":"publish","type":"product","link":"https:\/\/advantronic.hixd.es\/en\/sistemas-analogicos\/programador-manual\/","title":{"rendered":"Programadores"},"content":{"rendered":"<p>La unidad de programaci\u00f3n manual ALPU1000 le permite configurar todas las variables programables de la gama de dispositivos anal\u00f3gicos Advantronic incluyendo la direcci\u00f3n de lazos, lectura del valor anal\u00f3gico de un dispositivo o cambar la configuraci\u00f3n del detector de calor de gradiente de temperatura a alta temperatura.<\/p>\n<p>Cuando se utiliza con el cable de conexi\u00f3n, puede programar\/leer la informaci\u00f3n de los pulsadores, m\u00f3dulos de entrada-salida y sirenas que cuentan con la direcci\u00f3n de lazo o programar uno de los 32 modos de funcionamiento de la sirena.<\/p>\n","protected":false},"excerpt":{"rendered":"<p>Programador Manual<\/p>\n","protected":false},"featured_media":426,"template":"","meta":{"inline_featured_image":false},"product_cat":[29,28],"product_tag":[],"acf":[],"yoast_head":"<!-- This site is optimized with the Yoast SEO plugin v19.13 - https:\/\/yoast.com\/wordpress\/plugins\/seo\/ -->\n<title>Programadores - Advantronic<\/title>\n<meta name=\"robots\" content=\"noindex, follow, max-snippet:-1, max-image-preview:large, max-video-preview:-1\" \/>\n<meta property=\"og:locale\" content=\"en_US\" \/>\n<meta property=\"og:type\" content=\"article\" \/>\n<meta property=\"og:title\" content=\"Programadores - Advantronic\" \/>\n<meta property=\"og:description\" content=\"Programador Manual\" \/>\n<meta property=\"og:url\" content=\"https:\/\/advantronic.hixd.es\/en\/sistemas-analogicos\/programador-manual\/\" \/>\n<meta property=\"og:site_name\" content=\"Advantronic\" \/>\n<meta property=\"article:publisher\" content=\"https:\/\/www.facebook.com\/Advantronic\" \/>\n<meta property=\"article:modified_time\" content=\"2021-12-17T17:24:20+00:00\" \/>\n<meta property=\"og:image\" content=\"https:\/\/advantronic.hixd.es\/wp-content\/uploads\/2021\/11\/VPU_ALPU1000_f2.jpg\" \/>\n\t<meta property=\"og:image:width\" content=\"1548\" \/>\n\t<meta property=\"og:image:height\" content=\"1080\" \/>\n\t<meta property=\"og:image:type\" content=\"image\/jpeg\" \/>\n<meta name=\"twitter:card\" content=\"summary_large_image\" \/>\n<meta name=\"twitter:site\" content=\"@advantronic\" \/>\n<meta name=\"twitter:label1\" content=\"Est. reading time\" \/>\n\t<meta name=\"twitter:data1\" content=\"1 minute\" \/>\n<script type=\"application\/ld+json\" class=\"yoast-schema-graph\">{\"@context\":\"https:\/\/schema.org\",\"@graph\":[{\"@type\":\"WebPage\",\"@id\":\"https:\/\/advantronic.hixd.es\/en\/sistemas-analogicos\/programador-manual\/\",\"url\":\"https:\/\/advantronic.hixd.es\/en\/sistemas-analogicos\/programador-manual\/\",\"name\":\"Programadores - Advantronic\",\"isPartOf\":{\"@id\":\"https:\/\/advantronic.hixd.es\/#website\"},\"datePublished\":\"2021-11-19T09:00:08+00:00\",\"dateModified\":\"2021-12-17T17:24:20+00:00\",\"breadcrumb\":{\"@id\":\"https:\/\/advantronic.hixd.es\/en\/sistemas-analogicos\/programador-manual\/#breadcrumb\"},\"inLanguage\":\"en-US\",\"potentialAction\":[{\"@type\":\"ReadAction\",\"target\":[\"https:\/\/advantronic.hixd.es\/en\/sistemas-analogicos\/programador-manual\/\"]}]},{\"@type\":\"BreadcrumbList\",\"@id\":\"https:\/\/advantronic.hixd.es\/en\/sistemas-analogicos\/programador-manual\/#breadcrumb\",\"itemListElement\":[{\"@type\":\"ListItem\",\"position\":1,\"name\":\"Portada\",\"item\":\"https:\/\/advantronic.hixd.es\/en\/\"},{\"@type\":\"ListItem\",\"position\":2,\"name\":\"Products\",\"item\":\"https:\/\/advantronic.hixd.es\/en\/shop\/\"},{\"@type\":\"ListItem\",\"position\":3,\"name\":\"Programadores\"}]},{\"@type\":\"WebSite\",\"@id\":\"https:\/\/advantronic.hixd.es\/#website\",\"url\":\"https:\/\/advantronic.hixd.es\/\",\"name\":\"Advantronic\",\"description\":\"Sistemas de detecci\u00f3n autom\u00e1tica de incendios\",\"publisher\":{\"@id\":\"https:\/\/advantronic.hixd.es\/#organization\"},\"potentialAction\":[{\"@type\":\"SearchAction\",\"target\":{\"@type\":\"EntryPoint\",\"urlTemplate\":\"https:\/\/advantronic.hixd.es\/?s={search_term_string}\"},\"query-input\":\"required name=search_term_string\"}],\"inLanguage\":\"en-US\"},{\"@type\":\"Organization\",\"@id\":\"https:\/\/advantronic.hixd.es\/#organization\",\"name\":\"Advantronic Systems, S.L.\",\"url\":\"https:\/\/advantronic.hixd.es\/\",\"logo\":{\"@type\":\"ImageObject\",\"inLanguage\":\"en-US\",\"@id\":\"https:\/\/advantronic.hixd.es\/#\/schema\/logo\/image\/\",\"url\":\"https:\/\/advantronic.hixd.es\/wp-content\/uploads\/2022\/01\/logo_advantronic.png\",\"contentUrl\":\"https:\/\/advantronic.hixd.es\/wp-content\/uploads\/2022\/01\/logo_advantronic.png\",\"width\":154,\"height\":26,\"caption\":\"Advantronic Systems, S.L.\"},\"image\":{\"@id\":\"https:\/\/advantronic.hixd.es\/#\/schema\/logo\/image\/\"},\"sameAs\":[\"https:\/\/www.facebook.com\/Advantronic\",\"https:\/\/twitter.com\/advantronic\"]}]}<\/script>\n<!-- \/ Yoast SEO plugin. -->","yoast_head_json":{"title":"Programadores - Advantronic","robots":{"index":"noindex","follow":"follow","max-snippet":"max-snippet:-1","max-image-preview":"max-image-preview:large","max-video-preview":"max-video-preview:-1"},"og_locale":"en_US","og_type":"article","og_title":"Programadores - Advantronic","og_description":"Programador Manual","og_url":"https:\/\/advantronic.hixd.es\/en\/sistemas-analogicos\/programador-manual\/","og_site_name":"Advantronic","article_publisher":"https:\/\/www.facebook.com\/Advantronic","article_modified_time":"2021-12-17T17:24:20+00:00","og_image":[{"width":1548,"height":1080,"url":"https:\/\/advantronic.hixd.es\/wp-content\/uploads\/2021\/11\/VPU_ALPU1000_f2.jpg","type":"image\/jpeg"}],"twitter_card":"summary_large_image","twitter_site":"@advantronic","twitter_misc":{"Est. reading time":"1 minute"},"schema":{"@context":"https:\/\/schema.org","@graph":[{"@type":"WebPage","@id":"https:\/\/advantronic.hixd.es\/en\/sistemas-analogicos\/programador-manual\/","url":"https:\/\/advantronic.hixd.es\/en\/sistemas-analogicos\/programador-manual\/","name":"Programadores - Advantronic","isPartOf":{"@id":"https:\/\/advantronic.hixd.es\/#website"},"datePublished":"2021-11-19T09:00:08+00:00","dateModified":"2021-12-17T17:24:20+00:00","breadcrumb":{"@id":"https:\/\/advantronic.hixd.es\/en\/sistemas-analogicos\/programador-manual\/#breadcrumb"},"inLanguage":"en-US","potentialAction":[{"@type":"ReadAction","target":["https:\/\/advantronic.hixd.es\/en\/sistemas-analogicos\/programador-manual\/"]}]},{"@type":"BreadcrumbList","@id":"https:\/\/advantronic.hixd.es\/en\/sistemas-analogicos\/programador-manual\/#breadcrumb","itemListElement":[{"@type":"ListItem","position":1,"name":"Portada","item":"https:\/\/advantronic.hixd.es\/en\/"},{"@type":"ListItem","position":2,"name":"Products","item":"https:\/\/advantronic.hixd.es\/en\/shop\/"},{"@type":"ListItem","position":3,"name":"Programadores"}]},{"@type":"WebSite","@id":"https:\/\/advantronic.hixd.es\/#website","url":"https:\/\/advantronic.hixd.es\/","name":"Advantronic","description":"Sistemas de detecci\u00f3n autom\u00e1tica de incendios","publisher":{"@id":"https:\/\/advantronic.hixd.es\/#organization"},"potentialAction":[{"@type":"SearchAction","target":{"@type":"EntryPoint","urlTemplate":"https:\/\/advantronic.hixd.es\/?s={search_term_string}"},"query-input":"required name=search_term_string"}],"inLanguage":"en-US"},{"@type":"Organization","@id":"https:\/\/advantronic.hixd.es\/#organization","name":"Advantronic Systems, S.L.","url":"https:\/\/advantronic.hixd.es\/","logo":{"@type":"ImageObject","inLanguage":"en-US","@id":"https:\/\/advantronic.hixd.es\/#\/schema\/logo\/image\/","url":"https:\/\/advantronic.hixd.es\/wp-content\/uploads\/2022\/01\/logo_advantronic.png","contentUrl":"https:\/\/advantronic.hixd.es\/wp-content\/uploads\/2022\/01\/logo_advantronic.png","width":154,"height":26,"caption":"Advantronic Systems, S.L."},"image":{"@id":"https:\/\/advantronic.hixd.es\/#\/schema\/logo\/image\/"},"sameAs":["https:\/\/www.facebook.com\/Advantronic","https:\/\/twitter.com\/advantronic"]}]}},"_links":{"self":[{"href":"https:\/\/advantronic.hixd.es\/en\/wp-json\/wp\/v2\/product\/421"}],"collection":[{"href":"https:\/\/advantronic.hixd.es\/en\/wp-json\/wp\/v2\/product"}],"about":[{"href":"https:\/\/advantronic.hixd.es\/en\/wp-json\/wp\/v2\/types\/product"}],"wp:featuredmedia":[{"embeddable":true,"href":"https:\/\/advantronic.hixd.es\/en\/wp-json\/wp\/v2\/media\/426"}],"wp:attachment":[{"href":"https:\/\/advantronic.hixd.es\/en\/wp-json\/wp\/v2\/media?parent=421"}],"wp:term":[{"taxonomy":"product_cat","embeddable":true,"href":"https:\/\/advantronic.hixd.es\/en\/wp-json\/wp\/v2\/product_cat?post=421"},{"taxonomy":"product_tag","embeddable":true,"href":"https:\/\/advantronic.hixd.es\/en\/wp-json\/wp\/v2\/product_tag?post=421"}],"curies":[{"name":"wp","href":"https:\/\/api.w.org\/{rel}","templated":true}]}}