{"id":3,"date":"2020-02-13T11:49:09","date_gmt":"2020-02-13T10:49:09","guid":{"rendered":"http:\/\/advantronic.hixd.es\/?page_id=3"},"modified":"2020-06-02T14:24:20","modified_gmt":"2020-06-02T12:24:20","slug":"politica-privacidad","status":"publish","type":"page","link":"https:\/\/advantronic.hixd.es\/en\/politica-privacidad\/","title":{"rendered":"Pol\u00edtica de protecci\u00f3n de datos"},"content":{"rendered":"\n<div class=\"is-layout-flow wp-block-group simple-content\"><div class=\"wp-block-group__inner-container\">\n<h2>1.- Introducci\u00f3n<\/h2>\n\n\n\n<p>Las presente Pol\u00edtica de Protecci\u00f3n de Datos regula el tratamiento de datos personales facilitados por el USUARIO a trav\u00e9s del portal de internet: www.advantronic.es, que ADVANTRONIC SYSTEMS, S.L., pone a disposici\u00f3n de los USUARIOS de Internet. La presente Pol\u00edtica es accesible en todo momento desde el portal.<\/p>\n\n\n\n<p>El USUARIO garantiza que los datos aportados son verdaderos, exactos, completos y actualizados, siendo responsable de cualquier da\u00f1o o perjuicio, directo o indirecto, que pudiera ocasionarse como consecuencia del incumplimiento de tal obligaci\u00f3n. En el caso de que los datos aportados pertenecieran a un tercero, el USUARIO garantiza que ha informado a dicho tercero de los aspectos contenidos en este documento y obtenido su autorizaci\u00f3n para facilitar sus datos a ADVANTRONIC SYSTEMS, S.L., para los fines se\u00f1alados.<\/p>\n\n\n\n<p>ADVANTRONIC SYSTEMS, S.L., respeta la legislaci\u00f3n vigente en materia de protecci\u00f3n de datos personales, la privacidad de los USUARIOS y el secreto y seguridad de los datos personales, de conformidad con lo establecido en la legislaci\u00f3n aplicable en materia de protecci\u00f3n de datos, en concreto, el Reglamento 2016\/679 del Parlamento Europeo y del Consejo de 27 de abril de 2016, adoptando para ello las medidas t\u00e9cnicas y organizativas necesarias para evitar la p\u00e9rdida, mal uso, alteraci\u00f3n, acceso no autorizado y robo de los datos personales facilitados, habida cuenta del estado de la tecnolog\u00eda, la naturaleza de los datos y los riesgos a los que est\u00e1n expuestos.<\/p>\n\n\n\n<p>En concreto, se informa a los USUARIOS del portal que sus datos de car\u00e1cter personal s\u00f3lo podr\u00e1n obtenerse para su tratamiento cuando sean adecuados, pertinentes y no excesivos en relaci\u00f3n con el \u00e1mbito y las finalidades determinadas, expl\u00edcitas y leg\u00edtimas para las que se hayan obtenido.<\/p>\n\n\n\n<h2>2.- \u00bfQui\u00e9n es el Responsable del Tratamiento?<\/h2>\n\n\n\n<p>ADVANTRONIC SYSTEMS, S.L., es responsable de los tratamientos de la informaci\u00f3n personal que realiza de sus clientes. Empresa espa\u00f1ola con domicilio en Calle Yunque n.\u00ba 9, Nave B1. 28760 -Tres Cantos (Madrid), e inscrita en el Registro Mercantil de Madrid, hoja M-412748, folio 191, tomo 23038 libro 0 secci\u00f3n 8. Con n\u00famero de CIF B84763168.<\/p>\n\n\n\n<h2>3.- Contenido y aceptaci\u00f3n de la Pol\u00edtica de Privacidad.<\/h2>\n\n\n\n<p>La presente Pol\u00edtica de Privacidad tiene por objeto dar a conocer el modo en que se recaban, tratan y protegen los datos de car\u00e1cter personal a los que se accede por los servicios asociados con este Sitio Web, a fin de que determines libre y voluntariamente si desea facilitar sus datos personales a trav\u00e9s de los formularios habilitados al efecto. Asimismo, la Pol\u00edtica de Privacidad regula el tratamiento de los datos personales facilitados en el pasado por usted a trav\u00e9s de otras v\u00edas ajenas al Sitio Web, o los que pueda facilitar en el futuro con remisi\u00f3n a la presente Pol\u00edtica, siempre en la medida en que no contradiga lo expresamente aceptado por usted en el momento de facilitar los datos, que ser\u00e1n respetado en todo caso. Los datos de car\u00e1cter personal, del USUARIO, s\u00f3lo se obtendr\u00e1n para su tratamiento cuando sean adecuados, pertinentes y no excesivos en relaci\u00f3n con el \u00e1mbito y las finalidades determinadas, expl\u00edcitas y leg\u00edtimas para las que se hayan obtenido.<\/p>\n\n\n\n<div class=\"is-layout-flow wp-block-group\"><div class=\"wp-block-group__inner-container\">\n<h3>3.1.- Finalidad en el tratamiento de los datos.<\/h3>\n\n\n\n<p>La informaci\u00f3n facilitada por el USUARIO ser\u00e1 tratada con el fin de atender las solicitudes llevadas a cabo por parte de este:<\/p>\n\n\n\n<ol class=\"alphabetic\"><li>Gesti\u00f3n de la apertura de cuenta como cliente de la entidad.<\/li><li>Consultas, compras y solicitudes sobre nuestros productos expuestos en la web, remitidas a trav\u00e9s del formulario de contacto habilitado al efecto. Incluyendo la gesti\u00f3n de facturaci\u00f3n, cobro y servicio del producto.<\/li><li>Curr\u00edculos remitidos a trav\u00e9s del formulario correspondiente, para la incorporaci\u00f3n o solicitud de un puesto de trabajo en nuestra organizaci\u00f3n.<\/li><li>Gestionar la suscripci\u00f3n a nuestras redes sociales y newsletter, realizada a trav\u00e9s de nuestra web.<\/li><li>Para la elaboraci\u00f3n y gesti\u00f3n de encuestas de satisfacci\u00f3n, sobre nuestros productos, env\u00edos y trato con los clientes. En consecuci\u00f3n de la mejora continua en nuestros productos, servicios y atenci\u00f3n al cliente<\/li><li>Para la gesti\u00f3n del env\u00edo de comunicaciones comerciales sobre nuestros art\u00edculos y ofertas de nuestros productos o de terceros de la red de firmas AHORRO TOTAL. El consentimiento para el env\u00edo de dichas comunicaciones podr\u00e1 ser revocado en todo momento en cada una de las comunicaciones recibidas mediante el mecanismo habilitado al efecto y descrito en el punto: &#8220;3.2.- Ejercicio de los Derechos por parte del USUARIO.&#8221;<\/li><\/ol>\n\n\n\n<h3>3.2.- Ejercicio de los Derechos por parte del USUARIO.<\/h3>\n\n\n\n<p>El USUARIO podr\u00e1 ejercer los derechos de acceso, rectificaci\u00f3n, supresi\u00f3n, oposici\u00f3n, portabilidad. En determinadas circunstancias, el USUARIO podr\u00e1 solicitar la limitaci\u00f3n del tratamiento de sus datos, en cuyo caso \u00fanicamente se conservar\u00e1n para el ejercicio o la defensa de reclamaciones. El USUARIO tiene derecho a recibir una respuesta en los plazos establecidos por la legislaci\u00f3n vigente en materia de protecci\u00f3n de datos, pudiendo elegir entre los medios siguientes: dirigi\u00e9ndose a ADVANTRONIC SYSTEMS, S.L., a trav\u00e9s de correo postal a Calle Yunque n.\u00ba 9, Nave B1. 28760 -Tres Cantos (Madrid), acreditando su identidad con una copia escaneada de su DNI o documento equivalente, y especificando el derecho que desea ejercer. O mediante el correo electr\u00f3nico: advantronic@advantronic.es.<\/p>\n\n\n\n<h3>3.3.- Plazo de conservaci\u00f3n de los datos del USUARIO.<\/h3>\n\n\n\n<p>S\u00f3lo almacenamos su informaci\u00f3n personal en la medida en que la necesitamos a fin de poder utilizarla seg\u00fan la finalidad por la que fue recabada, y seg\u00fan la base jur\u00eddica del tratamiento de la misma de conformidad con la ley aplicable. Mantendremos su informaci\u00f3n personal mientras exista una relaci\u00f3n contractual y\/o comercial contigo o mientras no ejerzas tu derecho de supresi\u00f3n, cancelaci\u00f3n y\/o limitaci\u00f3n del tratamiento de tus datos.<\/p>\n\n\n\n<p>En estos casos mantendremos la informaci\u00f3n debidamente bloqueada, sin darle ning\u00fan uso, mientras pueda ser necesaria para el ejercicio o defensa de reclamaciones o pueda derivarse alg\u00fan tipo de responsabilidad judicial, legal o contractual de su tratamiento, que deba ser atendida y para lo cual sea necesaria su recuperaci\u00f3n.<\/p>\n\n\n\n<h3>3.4.- Menores.<\/h3>\n\n\n\n<p>ADVANTRONIC SYSTEMS, S.L., tiene habilitado los medios necesarios para la no recogida de datos de menores de 14 a\u00f1os. En el caso que se recoja u obtenido, por error, informaci\u00f3n personal de un menor, se proceder\u00e1 a la eliminaci\u00f3n de la informaci\u00f3n lo antes posible.<\/p>\n<\/div><\/div>\n\n\n\n<h2>4.- Seguridad inform\u00e1tica.<\/h2>\n\n\n\n<p>ADVANTRONIC SYSTEMS, S.L., ha tratado de implementar y mantener los niveles de seguridad exigidos por la Ley para proteger los datos de car\u00e1cter personal de los USUARIOS frente a p\u00e9rdidas fortuitas y a accesos, tratamientos o revelaciones no autorizados, habida cuenta del estado de la tecnolog\u00eda, la naturaleza de los datos almacenados y los riesgos a que est\u00e1n expuestos. No obstante, la transmisi\u00f3n de informaci\u00f3n a trav\u00e9s de Internet no es totalmente segura; por ello, y a pesar de que la ADVANTRONIC SYSTEMS, S.L., realiza sus mejores esfuerzos para proteger los datos de los USUARIOS, no puede garantizar la seguridad de los mismos durante el tr\u00e1nsito hasta el Sitio Web. Por tanto, toda la informaci\u00f3n que facilite se enviar\u00e1 por Su cuenta y riesgo. Una vez recibidos tus datos, la ADVANTRONIC SYSTEMS, S.L., utilizar\u00e1 rigurosos procedimientos y funciones de seguridad para impedir cualquier acceso no autorizado.<\/p>\n\n\n\n<h2>5.- Enlaces con terceros.<\/h2>\n\n\n\n<p>En www.advantronic.es, se podr\u00edan incluir enlaces a sitios controlados por terceros. Debe recordar que, al usar un enlace para acceder desde este portal a otra web, dejar\u00e1 de surtir efectos nuestra Pol\u00edtica de Privacidad y la Pol\u00edtica de Cookies. La presente Pol\u00edtica de Privacidad no refleja las pr\u00e1cticas en materia de privacidad de esos otros sitios web de terceros. ADVANTRONIC SYSTEMS, S.L., declina cualquier tipo de responsabilidad con respecto a la privacidad y el tratamiento de datos de otros sitios web. La navegaci\u00f3n e interacci\u00f3n en cualquier otro sitio web, incluidos aquellos que est\u00e9n enlazados con ADVANTRONIC SYSTEMS, S.L., est\u00e1 sujeta a las normas y pol\u00edticas de dicho sitio web. Le recomendamos que lea las pol\u00edticas de tratamiento de datos y privacidad de los sitios web que visite a trav\u00e9s del enlace existente en nuestro portal o de cualquier otro modo.<\/p>\n\n\n\n<h3>5.1.- Datos compartidos con terceros.<\/h3>\n\n\n\n<p>ADVANTRONIC SYSTEMS, S.L., no ceder\u00e1 los datos personales de los USUARIOS a ning\u00fan tercero sin una base jur\u00eddica que legitime este tratamiento.<\/p>\n\n\n\n<h2>6.- Cookies.<\/h2>\n\n\n\n<p>Le informamos que el portal web no utiliza cookies.<\/p>\n\n\n\n<h2>7.- Propiedad intelectual e industrial.<\/h2>\n\n\n\n<p>Todos los contenidos de la p\u00e1gina: www.advantronic.es, son propiedad intelectual de ADVANTRONIC SYSTEMS, S.L., o de terceros y no podr\u00e1n ser reproducidos, copiados, pegados, linkados, transmitidos, distribuidos o manipulados de cualquier forma y con cualquier finalidad, sin la autorizaci\u00f3n previa y por escrito de ADVANTRONIC SYSTEMS, S.L., manteniendo en todo momento el &#8220;copyright&#8221; intacto y cualquier otro indicador de la propiedad intelectual de los materiales o contenidos. Todo uso o modificaci\u00f3n del Material o de los Contenidos para cualquier otro fin distinto del autorizado en las Condiciones Generales ser\u00e1 considerado una violaci\u00f3n de las leyes internacionales del &#8220;copyright&#8221;, que protegen los derechos de autor.<\/p>\n\n\n\n<h2>8.- Legislaci\u00f3n y fuero<\/h2>\n\n\n\n<p>La prestaci\u00f3n del servicio se rige por la legislaci\u00f3n espa\u00f1ola, siendo competentes los Tribunales de Madrid, a los que el USUARIO se somete expresamente.<\/p>\n\n\n\n<h2>9.- Actualizaci\u00f3n.<\/h2>\n\n\n\n<p>Es posible que se deba actualizar esta Pol\u00edtica de Privacidad; por ello es necesario que revise esta pol\u00edtica peri\u00f3dicamente y si es posible cada vez que acceda al portal con el objetivo de estar adecuadamente informado sobre el tipo de informaci\u00f3n recopilada y su tratamiento. Puede encontrar la Pol\u00edtica de Privacidad al pie del portal. La Pol\u00edtica de Privacidad se actualiz\u00f3 por \u00faltima vez a fecha [08\/07\/2018].<\/p>\n<\/div><\/div>\n","protected":false},"excerpt":{"rendered":"<p>1.- Introducci\u00f3n Las presente Pol\u00edtica de Protecci\u00f3n de Datos regula el tratamiento de datos personales facilitados por el USUARIO a trav\u00e9s del portal de internet: www.advantronic.es, que ADVANTRONIC SYSTEMS, S.L., pone a disposici\u00f3n de los USUARIOS de Internet. La presente Pol\u00edtica es accesible en todo momento desde el portal. El USUARIO garantiza que los datos [&hellip;]<\/p>\n","protected":false},"author":1,"featured_media":0,"parent":0,"menu_order":0,"comment_status":"closed","ping_status":"closed","template":"","meta":{"inline_featured_image":false},"acf":[],"yoast_head":"<!-- This site is optimized with the Yoast SEO plugin v19.13 - https:\/\/yoast.com\/wordpress\/plugins\/seo\/ -->\n<title>Pol\u00edtica de protecci\u00f3n de datos - Advantronic<\/title>\n<meta name=\"robots\" content=\"noindex, follow, max-snippet:-1, max-image-preview:large, max-video-preview:-1\" \/>\n<meta property=\"og:locale\" content=\"en_US\" \/>\n<meta property=\"og:type\" content=\"article\" \/>\n<meta property=\"og:title\" content=\"Pol\u00edtica de protecci\u00f3n de datos - Advantronic\" \/>\n<meta property=\"og:description\" content=\"1.- Introducci\u00f3n Las presente Pol\u00edtica de Protecci\u00f3n de Datos regula el tratamiento de datos personales facilitados por el USUARIO a trav\u00e9s del portal de internet: www.advantronic.es, que ADVANTRONIC SYSTEMS, S.L., pone a disposici\u00f3n de los USUARIOS de Internet. La presente Pol\u00edtica es accesible en todo momento desde el portal. El USUARIO garantiza que los datos [&hellip;]\" \/>\n<meta property=\"og:url\" content=\"https:\/\/advantronic.hixd.es\/en\/politica-privacidad\/\" \/>\n<meta property=\"og:site_name\" content=\"Advantronic\" \/>\n<meta property=\"article:publisher\" content=\"https:\/\/www.facebook.com\/Advantronic\" \/>\n<meta property=\"article:modified_time\" content=\"2020-06-02T12:24:20+00:00\" \/>\n<meta name=\"twitter:card\" content=\"summary_large_image\" \/>\n<meta name=\"twitter:site\" content=\"@advantronic\" \/>\n<meta name=\"twitter:label1\" content=\"Est. reading time\" \/>\n\t<meta name=\"twitter:data1\" content=\"9 minutes\" \/>\n<script type=\"application\/ld+json\" class=\"yoast-schema-graph\">{\"@context\":\"https:\/\/schema.org\",\"@graph\":[{\"@type\":\"WebPage\",\"@id\":\"https:\/\/advantronic.hixd.es\/en\/politica-privacidad\/\",\"url\":\"https:\/\/advantronic.hixd.es\/en\/politica-privacidad\/\",\"name\":\"Pol\u00edtica de protecci\u00f3n de datos - Advantronic\",\"isPartOf\":{\"@id\":\"https:\/\/advantronic.hixd.es\/#website\"},\"datePublished\":\"2020-02-13T10:49:09+00:00\",\"dateModified\":\"2020-06-02T12:24:20+00:00\",\"breadcrumb\":{\"@id\":\"https:\/\/advantronic.hixd.es\/en\/politica-privacidad\/#breadcrumb\"},\"inLanguage\":\"en-US\",\"potentialAction\":[{\"@type\":\"ReadAction\",\"target\":[\"https:\/\/advantronic.hixd.es\/en\/politica-privacidad\/\"]}]},{\"@type\":\"BreadcrumbList\",\"@id\":\"https:\/\/advantronic.hixd.es\/en\/politica-privacidad\/#breadcrumb\",\"itemListElement\":[{\"@type\":\"ListItem\",\"position\":1,\"name\":\"Portada\",\"item\":\"https:\/\/advantronic.hixd.es\/en\/\"},{\"@type\":\"ListItem\",\"position\":2,\"name\":\"Pol\u00edtica de protecci\u00f3n de datos\"}]},{\"@type\":\"WebSite\",\"@id\":\"https:\/\/advantronic.hixd.es\/#website\",\"url\":\"https:\/\/advantronic.hixd.es\/\",\"name\":\"Advantronic\",\"description\":\"Sistemas de detecci\u00f3n autom\u00e1tica de incendios\",\"publisher\":{\"@id\":\"https:\/\/advantronic.hixd.es\/#organization\"},\"potentialAction\":[{\"@type\":\"SearchAction\",\"target\":{\"@type\":\"EntryPoint\",\"urlTemplate\":\"https:\/\/advantronic.hixd.es\/?s={search_term_string}\"},\"query-input\":\"required name=search_term_string\"}],\"inLanguage\":\"en-US\"},{\"@type\":\"Organization\",\"@id\":\"https:\/\/advantronic.hixd.es\/#organization\",\"name\":\"Advantronic Systems, S.L.\",\"url\":\"https:\/\/advantronic.hixd.es\/\",\"logo\":{\"@type\":\"ImageObject\",\"inLanguage\":\"en-US\",\"@id\":\"https:\/\/advantronic.hixd.es\/#\/schema\/logo\/image\/\",\"url\":\"https:\/\/advantronic.hixd.es\/wp-content\/uploads\/2022\/01\/logo_advantronic.png\",\"contentUrl\":\"https:\/\/advantronic.hixd.es\/wp-content\/uploads\/2022\/01\/logo_advantronic.png\",\"width\":154,\"height\":26,\"caption\":\"Advantronic Systems, S.L.\"},\"image\":{\"@id\":\"https:\/\/advantronic.hixd.es\/#\/schema\/logo\/image\/\"},\"sameAs\":[\"https:\/\/www.facebook.com\/Advantronic\",\"https:\/\/twitter.com\/advantronic\"]}]}<\/script>\n<!-- \/ Yoast SEO plugin. -->","yoast_head_json":{"title":"Pol\u00edtica de protecci\u00f3n de datos - Advantronic","robots":{"index":"noindex","follow":"follow","max-snippet":"max-snippet:-1","max-image-preview":"max-image-preview:large","max-video-preview":"max-video-preview:-1"},"og_locale":"en_US","og_type":"article","og_title":"Pol\u00edtica de protecci\u00f3n de datos - Advantronic","og_description":"1.- Introducci\u00f3n Las presente Pol\u00edtica de Protecci\u00f3n de Datos regula el tratamiento de datos personales facilitados por el USUARIO a trav\u00e9s del portal de internet: www.advantronic.es, que ADVANTRONIC SYSTEMS, S.L., pone a disposici\u00f3n de los USUARIOS de Internet. La presente Pol\u00edtica es accesible en todo momento desde el portal. El USUARIO garantiza que los datos [&hellip;]","og_url":"https:\/\/advantronic.hixd.es\/en\/politica-privacidad\/","og_site_name":"Advantronic","article_publisher":"https:\/\/www.facebook.com\/Advantronic","article_modified_time":"2020-06-02T12:24:20+00:00","twitter_card":"summary_large_image","twitter_site":"@advantronic","twitter_misc":{"Est. reading time":"9 minutes"},"schema":{"@context":"https:\/\/schema.org","@graph":[{"@type":"WebPage","@id":"https:\/\/advantronic.hixd.es\/en\/politica-privacidad\/","url":"https:\/\/advantronic.hixd.es\/en\/politica-privacidad\/","name":"Pol\u00edtica de protecci\u00f3n de datos - Advantronic","isPartOf":{"@id":"https:\/\/advantronic.hixd.es\/#website"},"datePublished":"2020-02-13T10:49:09+00:00","dateModified":"2020-06-02T12:24:20+00:00","breadcrumb":{"@id":"https:\/\/advantronic.hixd.es\/en\/politica-privacidad\/#breadcrumb"},"inLanguage":"en-US","potentialAction":[{"@type":"ReadAction","target":["https:\/\/advantronic.hixd.es\/en\/politica-privacidad\/"]}]},{"@type":"BreadcrumbList","@id":"https:\/\/advantronic.hixd.es\/en\/politica-privacidad\/#breadcrumb","itemListElement":[{"@type":"ListItem","position":1,"name":"Portada","item":"https:\/\/advantronic.hixd.es\/en\/"},{"@type":"ListItem","position":2,"name":"Pol\u00edtica de protecci\u00f3n de datos"}]},{"@type":"WebSite","@id":"https:\/\/advantronic.hixd.es\/#website","url":"https:\/\/advantronic.hixd.es\/","name":"Advantronic","description":"Sistemas de detecci\u00f3n autom\u00e1tica de incendios","publisher":{"@id":"https:\/\/advantronic.hixd.es\/#organization"},"potentialAction":[{"@type":"SearchAction","target":{"@type":"EntryPoint","urlTemplate":"https:\/\/advantronic.hixd.es\/?s={search_term_string}"},"query-input":"required name=search_term_string"}],"inLanguage":"en-US"},{"@type":"Organization","@id":"https:\/\/advantronic.hixd.es\/#organization","name":"Advantronic Systems, S.L.","url":"https:\/\/advantronic.hixd.es\/","logo":{"@type":"ImageObject","inLanguage":"en-US","@id":"https:\/\/advantronic.hixd.es\/#\/schema\/logo\/image\/","url":"https:\/\/advantronic.hixd.es\/wp-content\/uploads\/2022\/01\/logo_advantronic.png","contentUrl":"https:\/\/advantronic.hixd.es\/wp-content\/uploads\/2022\/01\/logo_advantronic.png","width":154,"height":26,"caption":"Advantronic Systems, S.L."},"image":{"@id":"https:\/\/advantronic.hixd.es\/#\/schema\/logo\/image\/"},"sameAs":["https:\/\/www.facebook.com\/Advantronic","https:\/\/twitter.com\/advantronic"]}]}},"_links":{"self":[{"href":"https:\/\/advantronic.hixd.es\/en\/wp-json\/wp\/v2\/pages\/3"}],"collection":[{"href":"https:\/\/advantronic.hixd.es\/en\/wp-json\/wp\/v2\/pages"}],"about":[{"href":"https:\/\/advantronic.hixd.es\/en\/wp-json\/wp\/v2\/types\/page"}],"author":[{"embeddable":true,"href":"https:\/\/advantronic.hixd.es\/en\/wp-json\/wp\/v2\/users\/1"}],"replies":[{"embeddable":true,"href":"https:\/\/advantronic.hixd.es\/en\/wp-json\/wp\/v2\/comments?post=3"}],"version-history":[{"count":7,"href":"https:\/\/advantronic.hixd.es\/en\/wp-json\/wp\/v2\/pages\/3\/revisions"}],"predecessor-version":[{"id":346,"href":"https:\/\/advantronic.hixd.es\/en\/wp-json\/wp\/v2\/pages\/3\/revisions\/346"}],"wp:attachment":[{"href":"https:\/\/advantronic.hixd.es\/en\/wp-json\/wp\/v2\/media?parent=3"}],"curies":[{"name":"wp","href":"https:\/\/api.w.org\/{rel}","templated":true}]}}