{"id":23,"date":"2020-02-13T13:05:26","date_gmt":"2020-02-13T12:05:26","guid":{"rendered":"http:\/\/advantronic.hixd.es\/?page_id=23"},"modified":"2023-02-26T12:20:07","modified_gmt":"2023-02-26T11:20:07","slug":"advantronic","status":"publish","type":"page","link":"https:\/\/advantronic.hixd.es\/en\/","title":{"rendered":"Advantronic"},"content":{"rendered":"\n<div class=\"wp-block-media-text alignwide has-media-on-the-right not-mobile-img\" style=\"grid-template-columns:auto 52%\"><div class=\"wp-block-media-text__content\">\n<h2>La mejor compa\u00f1\u00eda para tu seguridad y especialistas en detecci\u00f3n de incendios <strong>wireless<\/strong><\/h2>\n\n\n\n<p class=\"big\">La gama de productos de nuestro cat\u00e1logo ofrece una \u00f3ptima relaci\u00f3n calidad-precio aportando la mejor soluci\u00f3n a la mayor\u00eda de las instalaciones y liderando las soluciones wireless en detecci\u00f3n de incendios. <\/p>\n\n\n\n<p class=\"big\">Te <a href=\"https:\/\/advantronic.hixd.es\/wp-admin\/post.php?post=23&amp;action=edit#asesoramiento\" rel=\"nofollow\"><strong>asesoramos<\/strong><\/a> sobre los sistemas de detecci\u00f3n de incendios m\u00e1s adecuados a tus necesidades. <strong><a href=\"https:\/\/advantronic.hixd.es\/wp-admin\/post.php?post=23&amp;action=edit#formacion\">Formamos<\/a><\/strong> a instaladores y mantenedores para que puedan gestionar cada sistema. <strong><a href=\"https:\/\/advantronic.hixd.es\/wp-admin\/post.php?post=23&amp;action=edit#post-venta\">Acompa\u00f1amos<\/a><\/strong> a cada cliente con un resolutivo servicio post-venta. <strong><a href=\"https:\/\/advantronic.hixd.es\/wp-admin\/post.php?post=23&amp;action=edit#garantia\" rel=\"nofollow\">Garantizamos<\/a><\/strong> nuestros dispositivos de detecci\u00f3n de incendios hasta 5 a\u00f1os (*).<\/p>\n\n\n\n<div class=\"wp-block-button is-style-outline\"><a class=\"wp-block-button__link wp-element-button\" href=\"#productos\">Descubre nuestros productos<\/a><\/div>\n\n\n\n<blockquote class=\"wp-block-quote\">\n<p>Desde 2006<\/p>\n<\/blockquote>\n\n\n\n<figure class=\"wp-block-image alignwide size-full only-mobile\"><img decoding=\"async\" loading=\"lazy\" width=\"763\" height=\"450\" src=\"http:\/\/advantronic.hixd.es\/wp-content\/uploads\/2020\/05\/home_img1-mobile.jpg\" alt=\"\" class=\"wp-image-297\" srcset=\"https:\/\/advantronic.hixd.es\/wp-content\/uploads\/2020\/05\/home_img1-mobile.jpg 763w, https:\/\/advantronic.hixd.es\/wp-content\/uploads\/2020\/05\/home_img1-mobile-300x177.jpg 300w, https:\/\/advantronic.hixd.es\/wp-content\/uploads\/2020\/05\/home_img1-mobile-324x191.jpg 324w, https:\/\/advantronic.hixd.es\/wp-content\/uploads\/2020\/05\/home_img1-mobile-416x245.jpg 416w\" sizes=\"(max-width: 763px) 100vw, 763px\" \/><\/figure>\n<\/div><figure class=\"wp-block-media-text__media\"><img decoding=\"async\" loading=\"lazy\" width=\"748\" height=\"1024\" src=\"http:\/\/advantronic.hixd.es\/wp-content\/uploads\/2020\/02\/home_img1-748x1024.jpg\" alt=\"\" class=\"wp-image-65 size-full\" srcset=\"https:\/\/advantronic.hixd.es\/wp-content\/uploads\/2020\/02\/home_img1-748x1024.jpg 748w, https:\/\/advantronic.hixd.es\/wp-content\/uploads\/2020\/02\/home_img1-324x444.jpg 324w, https:\/\/advantronic.hixd.es\/wp-content\/uploads\/2020\/02\/home_img1-416x570.jpg 416w, https:\/\/advantronic.hixd.es\/wp-content\/uploads\/2020\/02\/home_img1-219x300.jpg 219w, https:\/\/advantronic.hixd.es\/wp-content\/uploads\/2020\/02\/home_img1-768x1051.jpg 768w, https:\/\/advantronic.hixd.es\/wp-content\/uploads\/2020\/02\/home_img1.jpg 840w\" sizes=\"(max-width: 748px) 100vw, 748px\" \/><\/figure><\/div>\n\n\n\n<div id=\"productos\" class=\"is-layout-flow wp-block-group block-header bg-orange\"><div class=\"wp-block-group__inner-container\">\n<h2 class=\"h1 with-subtitle\">Productos<\/h2>\n\n\n\n<h4 class=\"h6\">Innovaci\u00f3n constante en detecci\u00f3n de incendios<\/h4>\n<\/div><\/div>\n\n\n<div class=\"product-categories-grid\"><div class=\" product-category28 product-category-item\"><div class=\"product-category-image\"><a href=\"https:\/\/advantronic.hixd.es\/en\/sistemas-analogicos\/\"><img width=\"1920\" height=\"1920\" src=\"https:\/\/advantronic.hixd.es\/wp-content\/uploads\/2021\/11\/AD600C_f1.jpg\" class=\"attachment-full size-full\" alt=\"\" decoding=\"async\" loading=\"lazy\" srcset=\"https:\/\/advantronic.hixd.es\/wp-content\/uploads\/2021\/11\/AD600C_f1.jpg 1920w, https:\/\/advantronic.hixd.es\/wp-content\/uploads\/2021\/11\/AD600C_f1-300x300.jpg 300w, https:\/\/advantronic.hixd.es\/wp-content\/uploads\/2021\/11\/AD600C_f1-1024x1024.jpg 1024w, https:\/\/advantronic.hixd.es\/wp-content\/uploads\/2021\/11\/AD600C_f1-150x150.jpg 150w, https:\/\/advantronic.hixd.es\/wp-content\/uploads\/2021\/11\/AD600C_f1-768x768.jpg 768w, https:\/\/advantronic.hixd.es\/wp-content\/uploads\/2021\/11\/AD600C_f1-1536x1536.jpg 1536w, https:\/\/advantronic.hixd.es\/wp-content\/uploads\/2021\/11\/AD600C_f1-324x324.jpg 324w, https:\/\/advantronic.hixd.es\/wp-content\/uploads\/2021\/11\/AD600C_f1-416x416.jpg 416w, https:\/\/advantronic.hixd.es\/wp-content\/uploads\/2021\/11\/AD600C_f1-100x100.jpg 100w\" sizes=\"(max-width: 1920px) 100vw, 1920px\" \/><\/a><\/div><div class=\"product-category-info\"><h3 class=\"h4 category-title\"><a href=\"https:\/\/advantronic.hixd.es\/en\/sistemas-analogicos\/\" class=\"icon-arrow-small icon-arrow\">Sistema Anal\u00f3gico<\/a><\/h3><p class=\"category-description\">Tecnolog\u00eda punta en sistemas de protecci\u00f3n contra incendios<\/p><ul class=\"sub-categories\"><li><h4 class=\"h6 sub-category-title\"><a href=\"https:\/\/advantronic.hixd.es\/en\/sistemas-analogicos\/#centrales-analogicas\">Centrales<\/a><\/h4><\/li><li><h4 class=\"h6 sub-category-title\"><a href=\"https:\/\/advantronic.hixd.es\/en\/sistemas-analogicos\/#detectores-analogicos\">Detectores<\/a><\/h4><\/li><li><h4 class=\"h6 sub-category-title\"><a href=\"https:\/\/advantronic.hixd.es\/en\/sistemas-analogicos\/#mod-de-lazo\">M\u00f3dulos Conexi\u00f3n Lazo<\/a><\/h4><\/li><\/ul><\/div><\/div><div class=\" product-category19 product-category-item\"><div class=\"product-category-image\"><a href=\"https:\/\/advantronic.hixd.es\/en\/sistema-wireless\/\"><img width=\"1440\" height=\"1080\" src=\"https:\/\/advantronic.hixd.es\/wp-content\/uploads\/2023\/03\/AVW590AL_f.jpg\" class=\"attachment-full size-full\" alt=\"\" decoding=\"async\" loading=\"lazy\" srcset=\"https:\/\/advantronic.hixd.es\/wp-content\/uploads\/2023\/03\/AVW590AL_f.jpg 1440w, https:\/\/advantronic.hixd.es\/wp-content\/uploads\/2023\/03\/AVW590AL_f-300x225.jpg 300w, https:\/\/advantronic.hixd.es\/wp-content\/uploads\/2023\/03\/AVW590AL_f-1024x768.jpg 1024w, https:\/\/advantronic.hixd.es\/wp-content\/uploads\/2023\/03\/AVW590AL_f-768x576.jpg 768w, https:\/\/advantronic.hixd.es\/wp-content\/uploads\/2023\/03\/AVW590AL_f-324x243.jpg 324w, https:\/\/advantronic.hixd.es\/wp-content\/uploads\/2023\/03\/AVW590AL_f-416x312.jpg 416w\" sizes=\"(max-width: 1440px) 100vw, 1440px\" \/><\/a><\/div><div class=\"product-category-info\"><h3 class=\"h4 category-title\"><a href=\"https:\/\/advantronic.hixd.es\/en\/sistema-wireless\/\" class=\"icon-arrow-small icon-arrow\">Sistema Wireless<\/a><\/h3><p class=\"category-description\">Alta protecci\u00f3n contra incendios, con discreci\u00f3n y sin cables de por medio<\/p><ul class=\"sub-categories\"><li><h4 class=\"h6 sub-category-title\"><a href=\"https:\/\/advantronic.hixd.es\/en\/sistema-wireless\/#translators-expansores\">Translators y Expansores<\/a><\/h4><\/li><li><h4 class=\"h6 sub-category-title\"><a href=\"https:\/\/advantronic.hixd.es\/en\/sistema-wireless\/#detectores\">Detectores<\/a><\/h4><\/li><li><h4 class=\"h6 sub-category-title\"><a href=\"https:\/\/advantronic.hixd.es\/en\/sistema-wireless\/#modulos\">Modulos<\/a><\/h4><\/li><li><h4 class=\"h6 sub-category-title\"><a href=\"https:\/\/advantronic.hixd.es\/en\/sistema-wireless\/#accesorios\">Accesorios<\/a><\/h4><\/li><\/ul><\/div><\/div><div class=\" product-category26 product-category-item\"><div class=\"product-category-image\"><a href=\"https:\/\/advantronic.hixd.es\/en\/sistema-convencional\/\"><img width=\"2560\" height=\"1707\" src=\"https:\/\/advantronic.hixd.es\/wp-content\/uploads\/2022\/01\/AD100C_f-scaled.jpg\" class=\"attachment-full size-full\" alt=\"\" decoding=\"async\" loading=\"lazy\" srcset=\"https:\/\/advantronic.hixd.es\/wp-content\/uploads\/2022\/01\/AD100C_f-scaled.jpg 2560w, https:\/\/advantronic.hixd.es\/wp-content\/uploads\/2022\/01\/AD100C_f-300x200.jpg 300w, https:\/\/advantronic.hixd.es\/wp-content\/uploads\/2022\/01\/AD100C_f-1024x683.jpg 1024w, https:\/\/advantronic.hixd.es\/wp-content\/uploads\/2022\/01\/AD100C_f-768x512.jpg 768w, https:\/\/advantronic.hixd.es\/wp-content\/uploads\/2022\/01\/AD100C_f-1536x1024.jpg 1536w, https:\/\/advantronic.hixd.es\/wp-content\/uploads\/2022\/01\/AD100C_f-2048x1365.jpg 2048w, https:\/\/advantronic.hixd.es\/wp-content\/uploads\/2022\/01\/AD100C_f-324x216.jpg 324w, https:\/\/advantronic.hixd.es\/wp-content\/uploads\/2022\/01\/AD100C_f-416x277.jpg 416w\" sizes=\"(max-width: 2560px) 100vw, 2560px\" \/><\/a><\/div><div class=\"product-category-info\"><h3 class=\"h4 category-title\"><a href=\"https:\/\/advantronic.hixd.es\/en\/sistema-convencional\/\" class=\"icon-arrow-small icon-arrow\">Sistema Convencional<\/a><\/h3><p class=\"category-description\">Detecci\u00f3n de alta fiabilidad de humo y fuego, con el manejo m\u00e1s sencillo<\/p><ul class=\"sub-categories\"><li><h4 class=\"h6 sub-category-title\"><a href=\"https:\/\/advantronic.hixd.es\/en\/sistema-convencional\/#centrales-convencionales\">Centrales<\/a><\/h4><\/li><li><h4 class=\"h6 sub-category-title\"><a href=\"https:\/\/advantronic.hixd.es\/en\/sistema-convencional\/#detectores-convencionales\">Detectores<\/a><\/h4><\/li><li><h4 class=\"h6 sub-category-title\"><a href=\"https:\/\/advantronic.hixd.es\/en\/sistema-convencional\/#pulsadores\">Pulsadores<\/a><\/h4><\/li><li><h4 class=\"h6 sub-category-title\"><a href=\"https:\/\/advantronic.hixd.es\/en\/sistema-convencional\/#sirenas\">Sirenas<\/a><\/h4><\/li><li><h4 class=\"h6 sub-category-title\"><a href=\"https:\/\/advantronic.hixd.es\/en\/sistema-convencional\/#accesorios-detectores-convencionales\">Accesorios<\/a><\/h4><\/li><\/ul><\/div><\/div><div class=\" product-category31 product-category-item\"><div class=\"product-category-image\"><a href=\"https:\/\/advantronic.hixd.es\/en\/sistemas-extincion\/\"><img width=\"225\" height=\"225\" src=\"https:\/\/advantronic.hixd.es\/wp-content\/uploads\/2021\/12\/xt.jpg\" class=\"attachment-full size-full\" alt=\"\" decoding=\"async\" loading=\"lazy\" srcset=\"https:\/\/advantronic.hixd.es\/wp-content\/uploads\/2021\/12\/xt.jpg 225w, https:\/\/advantronic.hixd.es\/wp-content\/uploads\/2021\/12\/xt-150x150.jpg 150w, https:\/\/advantronic.hixd.es\/wp-content\/uploads\/2021\/12\/xt-100x100.jpg 100w\" sizes=\"(max-width: 225px) 100vw, 225px\" \/><\/a><\/div><div class=\"product-category-info\"><h3 class=\"h4 category-title\"><a href=\"https:\/\/advantronic.hixd.es\/en\/sistemas-extincion\/\" class=\"icon-arrow-small icon-arrow\">Sistemas Extinci\u00f3n<\/a><\/h3><p class=\"category-description\">La protecci\u00f3n ideal contra el fuego combinando detecci\u00f3n y extinci\u00f3n<\/p><\/div><\/div><div class=\" product-category32 product-category-item\"><div class=\"product-category-image\"><a href=\"https:\/\/advantronic.hixd.es\/en\/detectores-especiales\/\"><img width=\"254\" height=\"254\" src=\"https:\/\/advantronic.hixd.es\/wp-content\/uploads\/2022\/01\/VEU_f.png\" class=\"attachment-full size-full\" alt=\"\" decoding=\"async\" loading=\"lazy\" srcset=\"https:\/\/advantronic.hixd.es\/wp-content\/uploads\/2022\/01\/VEU_f.png 254w, https:\/\/advantronic.hixd.es\/wp-content\/uploads\/2022\/01\/VEU_f-150x150.png 150w, https:\/\/advantronic.hixd.es\/wp-content\/uploads\/2022\/01\/VEU_f-100x100.png 100w\" sizes=\"(max-width: 254px) 100vw, 254px\" \/><\/a><\/div><div class=\"product-category-info\"><h3 class=\"h4 category-title\"><a href=\"https:\/\/advantronic.hixd.es\/en\/detectores-especiales\/\" class=\"icon-arrow-small icon-arrow\">Detectores Especiales<\/a><\/h3><p class=\"category-description\">Sistemas de protecci\u00f3n multi-riesgo para entornos con necesidades especiales<\/p><ul class=\"sub-categories\"><li><h4 class=\"h6 sub-category-title\"><a href=\"https:\/\/advantronic.hixd.es\/en\/detectores-especiales\/#aspiracion\">Aspiraci\u00f3n<\/a><\/h4><\/li><li><h4 class=\"h6 sub-category-title\"><a href=\"https:\/\/advantronic.hixd.es\/en\/detectores-especiales\/#lineal-osid\">Lineal OSID<\/a><\/h4><\/li><li><h4 class=\"h6 sub-category-title\"><a href=\"https:\/\/advantronic.hixd.es\/en\/detectores-especiales\/#fenwal\">Fenwal<\/a><\/h4><\/li><li><h4 class=\"h6 sub-category-title\"><a href=\"https:\/\/advantronic.hixd.es\/en\/detectores-especiales\/#lineal-cable\">Lineal Cable<\/a><\/h4><\/li><\/ul><\/div><\/div><\/div>\n\n\n\n<div class=\"wp-block-media-text alignwide has-media-on-the-right bg-black not-mobile-img\" style=\"grid-template-columns:auto 53%\"><div class=\"wp-block-media-text__content\">\n<h2><strong>Advantronic<\/strong> suma experiencia, precisi\u00f3n e innovaci\u00f3n a un profundo conocimiento de las necesidades del sector. <\/h2>\n\n\n\n<h2>Estamos especializados en sistemas de detecci\u00f3n wireless.<\/h2>\n\n\n\n<div class=\"wp-block-button is-style-outline\"><a class=\"wp-block-button__link wp-element-button\" href=\"http:\/\/advantronic.hixd.es\/productos\/\">Solicita m\u00e1s informaci\u00f3n<\/a><\/div>\n\n\n\n<figure class=\"wp-block-image alignwide size-full only-mobile\"><img decoding=\"async\" loading=\"lazy\" width=\"768\" height=\"550\" src=\"http:\/\/advantronic.hixd.es\/wp-content\/uploads\/2020\/05\/home_img2-mobile.jpg\" alt=\"\" class=\"wp-image-298\" srcset=\"https:\/\/advantronic.hixd.es\/wp-content\/uploads\/2020\/05\/home_img2-mobile.jpg 768w, https:\/\/advantronic.hixd.es\/wp-content\/uploads\/2020\/05\/home_img2-mobile-300x215.jpg 300w, https:\/\/advantronic.hixd.es\/wp-content\/uploads\/2020\/05\/home_img2-mobile-324x232.jpg 324w, https:\/\/advantronic.hixd.es\/wp-content\/uploads\/2020\/05\/home_img2-mobile-416x298.jpg 416w\" sizes=\"(max-width: 768px) 100vw, 768px\" \/><\/figure>\n<\/div><figure class=\"wp-block-media-text__media\"><img decoding=\"async\" loading=\"lazy\" width=\"840\" height=\"865\" src=\"http:\/\/advantronic.hixd.es\/wp-content\/uploads\/2020\/02\/home_img2.jpg\" alt=\"\" class=\"wp-image-66 size-full\" srcset=\"https:\/\/advantronic.hixd.es\/wp-content\/uploads\/2020\/02\/home_img2.jpg 840w, https:\/\/advantronic.hixd.es\/wp-content\/uploads\/2020\/02\/home_img2-324x334.jpg 324w, https:\/\/advantronic.hixd.es\/wp-content\/uploads\/2020\/02\/home_img2-416x428.jpg 416w, https:\/\/advantronic.hixd.es\/wp-content\/uploads\/2020\/02\/home_img2-291x300.jpg 291w, https:\/\/advantronic.hixd.es\/wp-content\/uploads\/2020\/02\/home_img2-768x791.jpg 768w\" sizes=\"(max-width: 840px) 100vw, 840px\" \/><\/figure><\/div>\n\n\n\n<div id=\"servicios\" class=\"is-layout-flow wp-block-group block-header\"><div class=\"wp-block-group__inner-container\">\n<h2 class=\"h1 with-subtitle\">Servicios<\/h2>\n\n\n\n<h4 id=\"h6\">Lo t\u00e9cnico y lo humano, al servicio de la protecci\u00f3n contra incendios<\/h4>\n<\/div><\/div>\n\n\n\n<div class=\"is-layout-flex wp-container-7 wp-block-columns col-bg-grey effect-staircase\">\n<div class=\"is-layout-flow wp-block-column\">\n<div id=\"asesoramiento\" class=\"is-layout-flow wp-block-group\"><div class=\"wp-block-group__inner-container\">\n<h3>Te asesoramos sobre el sistema que mejor responde a tus necesidades y especialmente sobre los sistemas wireless<\/h3>\n\n\n\n<p>Cada edificio tiene sus caracter\u00edsticas y debe cumplir distintas normativas y necesidades de protecci\u00f3n contra incendios dependiendo del uso al que est\u00e9 destinado (hospitalario, administrativo&#8230;)<\/p>\n\n\n\n<p>Nuestros expertos te asesoran tanto en la fase previa como en la instalaci\u00f3n sea cual sea el entorno. <\/p>\n\n\n\n<p>Pregunta sobre nuestras soluciones para pruebas de cobertura de equipos wireless.<\/p>\n\n\n\n<div class=\"wp-block-button is-style-outline\"><a class=\"wp-block-button__link wp-element-button\" href=\"http:\/\/advantronic.hixd.es\/servicios\/#asesoramiento\">Asesoramiento<\/a><\/div>\n<\/div><\/div>\n<\/div>\n\n\n\n<div class=\"is-layout-flow wp-block-column\">\n<div id=\"formacion\" class=\"is-layout-flow wp-block-group\"><div class=\"wp-block-group__inner-container\">\n<h3>Formamos profesionales para instalar y mantener nuestros sistemas<\/h3>\n\n\n\n<p>Detr\u00e1s de un buen sistema de detecci\u00f3n de incendios siempre hay profesionales expertos en su instalaci\u00f3n y mantenimiento. Nuestra formaci\u00f3n permanente hace posible el uso y aprovechamiento \u00f3ptimo de los sistemas Advantronic de detecci\u00f3n de incendios. <\/p>\n\n\n\n<p>Pregunta por nuestros cursos de formaci\u00f3n sobre detecci\u00f3n wireless.<\/p>\n\n\n\n<div class=\"wp-block-button is-style-outline\"><a class=\"wp-block-button__link wp-element-button\" href=\"http:\/\/advantronic.hixd.es\/servicios\/#formacion\">Formaci\u00f3n<\/a><\/div>\n<\/div><\/div>\n<\/div>\n<\/div>\n\n\n\n<div class=\"is-layout-flex wp-container-12 wp-block-columns col-bg-grey effect-staircase\">\n<div class=\"is-layout-flow wp-block-column\">\n<div id=\"post-venta\" class=\"is-layout-flow wp-block-group\"><div class=\"wp-block-group__inner-container\">\n<h3>Seguimos contigo incluso despu\u00e9s de la instalaci\u00f3n<\/h3>\n\n\n\n<p>Ante cualquier problema que surja, ante cualquier duda respecto a nuestros sistemas de detecci\u00f3n de incendios, siempre estamos a tu lado. Nuestro equipo de atenci\u00f3n post-venta resuelve las posibles incidencias de forma r\u00e1pida y efectiva.<\/p>\n\n\n\n<div class=\"wp-block-button is-style-outline\"><a class=\"wp-block-button__link wp-element-button\" href=\"http:\/\/advantronic.hixd.es\/servicios\/#post-venta\">Post-venta<\/a><\/div>\n<\/div><\/div>\n<\/div>\n\n\n\n<div class=\"is-layout-flow wp-block-column\">\n<div id=\"garantia\" class=\"is-layout-flow wp-block-group\"><div class=\"wp-block-group__inner-container\">\n<h3>Sistemas de detecci\u00f3n con hasta 5* a\u00f1os de garant\u00eda<\/h3>\n\n\n\n<p>Creamos seguridad sobre seguridad. Nuestro control del proceso desde el dise\u00f1o hasta la fabricaci\u00f3n, junto a la formaci\u00f3n de t\u00e9cnicos, nos permite ofrecer una garant\u00eda de hasta 5 a\u00f1os en la mayor\u00eda de nuestros dispositivos de detecci\u00f3n de incendios.<\/p>\n\n\n\n<p style=\"font-size: 10px;\">(*) consultar ficha de producto y condiciones generales de venta y garant\u00eda\n<\/p>\n\n\n\n<div class=\"wp-block-button is-style-outline\"><a class=\"wp-block-button__link wp-element-button\" href=\"http:\/\/advantronic.hixd.es\/servicios\/#garantia\">Garant\u00eda<\/a><\/div>\n<\/div><\/div>\n\n\n\n<p><\/p>\n<\/div>\n<\/div>\n\n\n\n<p><\/p>\n","protected":false},"excerpt":{"rendered":"<p>Productos Innovaci\u00f3n constante en detecci\u00f3n de incendios Servicios Lo t\u00e9cnico y lo humano, al servicio de la protecci\u00f3n contra incendios Te asesoramos sobre el sistema que mejor responde a tus necesidades y especialmente sobre los sistemas wireless Cada edificio tiene sus caracter\u00edsticas y debe cumplir distintas normativas y necesidades de protecci\u00f3n contra incendios dependiendo del [&hellip;]<\/p>\n","protected":false},"author":1,"featured_media":0,"parent":0,"menu_order":0,"comment_status":"closed","ping_status":"closed","template":"","meta":{"inline_featured_image":false},"acf":[],"yoast_head":"<!-- This site is optimized with the Yoast SEO plugin v19.13 - https:\/\/yoast.com\/wordpress\/plugins\/seo\/ -->\n<title>Advantronic - Advantronic<\/title>\n<meta name=\"robots\" content=\"noindex, follow, max-snippet:-1, max-image-preview:large, max-video-preview:-1\" \/>\n<meta property=\"og:locale\" content=\"en_US\" \/>\n<meta property=\"og:type\" content=\"article\" \/>\n<meta property=\"og:title\" content=\"Advantronic - Advantronic\" \/>\n<meta property=\"og:description\" content=\"Productos Innovaci\u00f3n constante en detecci\u00f3n de incendios Servicios Lo t\u00e9cnico y lo humano, al servicio de la protecci\u00f3n contra incendios Te asesoramos sobre el sistema que mejor responde a tus necesidades y especialmente sobre los sistemas wireless Cada edificio tiene sus caracter\u00edsticas y debe cumplir distintas normativas y necesidades de protecci\u00f3n contra incendios dependiendo del [&hellip;]\" \/>\n<meta property=\"og:url\" content=\"https:\/\/advantronic.hixd.es\/en\/\" \/>\n<meta property=\"og:site_name\" content=\"Advantronic\" \/>\n<meta property=\"article:publisher\" content=\"https:\/\/www.facebook.com\/Advantronic\" \/>\n<meta property=\"article:modified_time\" content=\"2023-02-26T11:20:07+00:00\" \/>\n<meta property=\"og:image\" content=\"http:\/\/advantronic.hixd.es\/wp-content\/uploads\/2020\/05\/home_img1-mobile.jpg\" \/>\n<meta name=\"twitter:card\" content=\"summary_large_image\" \/>\n<meta name=\"twitter:site\" content=\"@advantronic\" \/>\n<meta name=\"twitter:label1\" content=\"Est. reading time\" \/>\n\t<meta name=\"twitter:data1\" content=\"3 minutes\" \/>\n<script type=\"application\/ld+json\" class=\"yoast-schema-graph\">{\"@context\":\"https:\/\/schema.org\",\"@graph\":[{\"@type\":\"WebPage\",\"@id\":\"https:\/\/advantronic.hixd.es\/en\/\",\"url\":\"https:\/\/advantronic.hixd.es\/en\/\",\"name\":\"Advantronic - Advantronic\",\"isPartOf\":{\"@id\":\"https:\/\/advantronic.hixd.es\/#website\"},\"datePublished\":\"2020-02-13T12:05:26+00:00\",\"dateModified\":\"2023-02-26T11:20:07+00:00\",\"breadcrumb\":{\"@id\":\"https:\/\/advantronic.hixd.es\/en\/#breadcrumb\"},\"inLanguage\":\"en-US\",\"potentialAction\":[{\"@type\":\"ReadAction\",\"target\":[\"https:\/\/advantronic.hixd.es\/en\/\"]}]},{\"@type\":\"BreadcrumbList\",\"@id\":\"https:\/\/advantronic.hixd.es\/en\/#breadcrumb\",\"itemListElement\":[{\"@type\":\"ListItem\",\"position\":1,\"name\":\"Portada\",\"item\":\"https:\/\/advantronic.hixd.es\/en\/\"},{\"@type\":\"ListItem\",\"position\":2,\"name\":\"Advantronic\"}]},{\"@type\":\"WebSite\",\"@id\":\"https:\/\/advantronic.hixd.es\/#website\",\"url\":\"https:\/\/advantronic.hixd.es\/\",\"name\":\"Advantronic\",\"description\":\"Sistemas de detecci\u00f3n autom\u00e1tica de incendios\",\"publisher\":{\"@id\":\"https:\/\/advantronic.hixd.es\/#organization\"},\"potentialAction\":[{\"@type\":\"SearchAction\",\"target\":{\"@type\":\"EntryPoint\",\"urlTemplate\":\"https:\/\/advantronic.hixd.es\/?s={search_term_string}\"},\"query-input\":\"required name=search_term_string\"}],\"inLanguage\":\"en-US\"},{\"@type\":\"Organization\",\"@id\":\"https:\/\/advantronic.hixd.es\/#organization\",\"name\":\"Advantronic Systems, S.L.\",\"url\":\"https:\/\/advantronic.hixd.es\/\",\"logo\":{\"@type\":\"ImageObject\",\"inLanguage\":\"en-US\",\"@id\":\"https:\/\/advantronic.hixd.es\/#\/schema\/logo\/image\/\",\"url\":\"https:\/\/advantronic.hixd.es\/wp-content\/uploads\/2022\/01\/logo_advantronic.png\",\"contentUrl\":\"https:\/\/advantronic.hixd.es\/wp-content\/uploads\/2022\/01\/logo_advantronic.png\",\"width\":154,\"height\":26,\"caption\":\"Advantronic Systems, S.L.\"},\"image\":{\"@id\":\"https:\/\/advantronic.hixd.es\/#\/schema\/logo\/image\/\"},\"sameAs\":[\"https:\/\/www.facebook.com\/Advantronic\",\"https:\/\/twitter.com\/advantronic\"]}]}<\/script>\n<!-- \/ Yoast SEO plugin. -->","yoast_head_json":{"title":"Advantronic - Advantronic","robots":{"index":"noindex","follow":"follow","max-snippet":"max-snippet:-1","max-image-preview":"max-image-preview:large","max-video-preview":"max-video-preview:-1"},"og_locale":"en_US","og_type":"article","og_title":"Advantronic - Advantronic","og_description":"Productos Innovaci\u00f3n constante en detecci\u00f3n de incendios Servicios Lo t\u00e9cnico y lo humano, al servicio de la protecci\u00f3n contra incendios Te asesoramos sobre el sistema que mejor responde a tus necesidades y especialmente sobre los sistemas wireless Cada edificio tiene sus caracter\u00edsticas y debe cumplir distintas normativas y necesidades de protecci\u00f3n contra incendios dependiendo del [&hellip;]","og_url":"https:\/\/advantronic.hixd.es\/en\/","og_site_name":"Advantronic","article_publisher":"https:\/\/www.facebook.com\/Advantronic","article_modified_time":"2023-02-26T11:20:07+00:00","og_image":[{"url":"http:\/\/advantronic.hixd.es\/wp-content\/uploads\/2020\/05\/home_img1-mobile.jpg"}],"twitter_card":"summary_large_image","twitter_site":"@advantronic","twitter_misc":{"Est. reading time":"3 minutes"},"schema":{"@context":"https:\/\/schema.org","@graph":[{"@type":"WebPage","@id":"https:\/\/advantronic.hixd.es\/en\/","url":"https:\/\/advantronic.hixd.es\/en\/","name":"Advantronic - Advantronic","isPartOf":{"@id":"https:\/\/advantronic.hixd.es\/#website"},"datePublished":"2020-02-13T12:05:26+00:00","dateModified":"2023-02-26T11:20:07+00:00","breadcrumb":{"@id":"https:\/\/advantronic.hixd.es\/en\/#breadcrumb"},"inLanguage":"en-US","potentialAction":[{"@type":"ReadAction","target":["https:\/\/advantronic.hixd.es\/en\/"]}]},{"@type":"BreadcrumbList","@id":"https:\/\/advantronic.hixd.es\/en\/#breadcrumb","itemListElement":[{"@type":"ListItem","position":1,"name":"Portada","item":"https:\/\/advantronic.hixd.es\/en\/"},{"@type":"ListItem","position":2,"name":"Advantronic"}]},{"@type":"WebSite","@id":"https:\/\/advantronic.hixd.es\/#website","url":"https:\/\/advantronic.hixd.es\/","name":"Advantronic","description":"Sistemas de detecci\u00f3n autom\u00e1tica de incendios","publisher":{"@id":"https:\/\/advantronic.hixd.es\/#organization"},"potentialAction":[{"@type":"SearchAction","target":{"@type":"EntryPoint","urlTemplate":"https:\/\/advantronic.hixd.es\/?s={search_term_string}"},"query-input":"required name=search_term_string"}],"inLanguage":"en-US"},{"@type":"Organization","@id":"https:\/\/advantronic.hixd.es\/#organization","name":"Advantronic Systems, S.L.","url":"https:\/\/advantronic.hixd.es\/","logo":{"@type":"ImageObject","inLanguage":"en-US","@id":"https:\/\/advantronic.hixd.es\/#\/schema\/logo\/image\/","url":"https:\/\/advantronic.hixd.es\/wp-content\/uploads\/2022\/01\/logo_advantronic.png","contentUrl":"https:\/\/advantronic.hixd.es\/wp-content\/uploads\/2022\/01\/logo_advantronic.png","width":154,"height":26,"caption":"Advantronic Systems, S.L."},"image":{"@id":"https:\/\/advantronic.hixd.es\/#\/schema\/logo\/image\/"},"sameAs":["https:\/\/www.facebook.com\/Advantronic","https:\/\/twitter.com\/advantronic"]}]}},"_links":{"self":[{"href":"https:\/\/advantronic.hixd.es\/en\/wp-json\/wp\/v2\/pages\/23"}],"collection":[{"href":"https:\/\/advantronic.hixd.es\/en\/wp-json\/wp\/v2\/pages"}],"about":[{"href":"https:\/\/advantronic.hixd.es\/en\/wp-json\/wp\/v2\/types\/page"}],"author":[{"embeddable":true,"href":"https:\/\/advantronic.hixd.es\/en\/wp-json\/wp\/v2\/users\/1"}],"replies":[{"embeddable":true,"href":"https:\/\/advantronic.hixd.es\/en\/wp-json\/wp\/v2\/comments?post=23"}],"version-history":[{"count":46,"href":"https:\/\/advantronic.hixd.es\/en\/wp-json\/wp\/v2\/pages\/23\/revisions"}],"predecessor-version":[{"id":1270,"href":"https:\/\/advantronic.hixd.es\/en\/wp-json\/wp\/v2\/pages\/23\/revisions\/1270"}],"wp:attachment":[{"href":"https:\/\/advantronic.hixd.es\/en\/wp-json\/wp\/v2\/media?parent=23"}],"curies":[{"name":"wp","href":"https:\/\/api.w.org\/{rel}","templated":true}]}}