{"id":782,"date":"2022-01-03T13:06:21","date_gmt":"2022-01-03T12:06:21","guid":{"rendered":"http:\/\/advantronic.hixd.es\/?post_type=product&#038;p=782"},"modified":"2022-01-03T13:06:22","modified_gmt":"2022-01-03T12:06:22","slug":"vesda-e-vep","status":"publish","type":"product","link":"http:\/\/advantronic.hixd.es\/en\/detectores-especiales\/vesda-e-vep\/","title":{"rendered":"VESDA-E VEP"},"content":{"rendered":"<p>La serie de detectores de humo VESDA-E VEP trae la \u00faltima y m\u00e1s avanzada tecnolog\u00eda en detecci\u00f3n para brindar una advertencia muy temprana. Adem\u00e1s, tiene el mejor desempe\u00f1o para descartar falsas alarmas en una amplia gama de aplicaciones. Est\u00e1 construido con tecnolog\u00eda de detecci\u00f3n (Flair) y a\u00f1os de experiencia. Los detectores VEP logran un rendimiento constante durante toda su vida a traves de una calibraci\u00f3n absoluta. Tambien VEP cuenta con una gran cantidad de atributos que brindan mayor valor agregado.<\/p>\n","protected":false},"excerpt":{"rendered":"<p>VESDA E<\/p>\n","protected":false},"featured_media":783,"template":"","meta":{"inline_featured_image":false},"product_cat":[34,32],"product_tag":[],"acf":[],"yoast_head":"<!-- This site is optimized with the Yoast SEO plugin v19.13 - https:\/\/yoast.com\/wordpress\/plugins\/seo\/ -->\n<title>VESDA-E VEP - Advantronic<\/title>\n<meta name=\"robots\" content=\"noindex, follow, max-snippet:-1, max-image-preview:large, max-video-preview:-1\" \/>\n<meta property=\"og:locale\" content=\"en_US\" \/>\n<meta property=\"og:type\" content=\"article\" \/>\n<meta property=\"og:title\" content=\"VESDA-E VEP - Advantronic\" \/>\n<meta property=\"og:description\" content=\"VESDA E\" \/>\n<meta property=\"og:url\" content=\"http:\/\/advantronic.hixd.es\/en\/detectores-especiales\/vesda-e-vep\/\" \/>\n<meta property=\"og:site_name\" content=\"Advantronic\" \/>\n<meta property=\"article:publisher\" content=\"https:\/\/www.facebook.com\/Advantronic\" \/>\n<meta property=\"article:modified_time\" content=\"2022-01-03T12:06:22+00:00\" \/>\n<meta property=\"og:image\" content=\"http:\/\/advantronic.hixd.es\/wp-content\/uploads\/2022\/01\/VEP_f.png\" \/>\n\t<meta property=\"og:image:width\" content=\"254\" \/>\n\t<meta property=\"og:image:height\" content=\"254\" \/>\n\t<meta property=\"og:image:type\" content=\"image\/png\" \/>\n<meta name=\"twitter:card\" content=\"summary_large_image\" \/>\n<meta name=\"twitter:site\" content=\"@advantronic\" \/>\n<meta name=\"twitter:label1\" content=\"Est. reading time\" \/>\n\t<meta name=\"twitter:data1\" content=\"1 minute\" \/>\n<script type=\"application\/ld+json\" class=\"yoast-schema-graph\">{\"@context\":\"https:\/\/schema.org\",\"@graph\":[{\"@type\":\"WebPage\",\"@id\":\"http:\/\/advantronic.hixd.es\/en\/detectores-especiales\/vesda-e-vep\/\",\"url\":\"http:\/\/advantronic.hixd.es\/en\/detectores-especiales\/vesda-e-vep\/\",\"name\":\"VESDA-E VEP - Advantronic\",\"isPartOf\":{\"@id\":\"https:\/\/advantronic.hixd.es\/#website\"},\"datePublished\":\"2022-01-03T12:06:21+00:00\",\"dateModified\":\"2022-01-03T12:06:22+00:00\",\"breadcrumb\":{\"@id\":\"http:\/\/advantronic.hixd.es\/en\/detectores-especiales\/vesda-e-vep\/#breadcrumb\"},\"inLanguage\":\"en-US\",\"potentialAction\":[{\"@type\":\"ReadAction\",\"target\":[\"http:\/\/advantronic.hixd.es\/en\/detectores-especiales\/vesda-e-vep\/\"]}]},{\"@type\":\"BreadcrumbList\",\"@id\":\"http:\/\/advantronic.hixd.es\/en\/detectores-especiales\/vesda-e-vep\/#breadcrumb\",\"itemListElement\":[{\"@type\":\"ListItem\",\"position\":1,\"name\":\"Portada\",\"item\":\"https:\/\/advantronic.hixd.es\/en\/\"},{\"@type\":\"ListItem\",\"position\":2,\"name\":\"Products\",\"item\":\"http:\/\/advantronic.hixd.es\/en\/shop\/\"},{\"@type\":\"ListItem\",\"position\":3,\"name\":\"VESDA-E VEP\"}]},{\"@type\":\"WebSite\",\"@id\":\"https:\/\/advantronic.hixd.es\/#website\",\"url\":\"https:\/\/advantronic.hixd.es\/\",\"name\":\"Advantronic\",\"description\":\"Sistemas de detecci\u00f3n autom\u00e1tica de incendios\",\"publisher\":{\"@id\":\"https:\/\/advantronic.hixd.es\/#organization\"},\"potentialAction\":[{\"@type\":\"SearchAction\",\"target\":{\"@type\":\"EntryPoint\",\"urlTemplate\":\"https:\/\/advantronic.hixd.es\/?s={search_term_string}\"},\"query-input\":\"required name=search_term_string\"}],\"inLanguage\":\"en-US\"},{\"@type\":\"Organization\",\"@id\":\"https:\/\/advantronic.hixd.es\/#organization\",\"name\":\"Advantronic Systems, S.L.\",\"url\":\"https:\/\/advantronic.hixd.es\/\",\"logo\":{\"@type\":\"ImageObject\",\"inLanguage\":\"en-US\",\"@id\":\"https:\/\/advantronic.hixd.es\/#\/schema\/logo\/image\/\",\"url\":\"http:\/\/advantronic.hixd.es\/wp-content\/uploads\/2022\/01\/logo_advantronic.png\",\"contentUrl\":\"http:\/\/advantronic.hixd.es\/wp-content\/uploads\/2022\/01\/logo_advantronic.png\",\"width\":154,\"height\":26,\"caption\":\"Advantronic Systems, S.L.\"},\"image\":{\"@id\":\"https:\/\/advantronic.hixd.es\/#\/schema\/logo\/image\/\"},\"sameAs\":[\"https:\/\/www.facebook.com\/Advantronic\",\"https:\/\/twitter.com\/advantronic\"]}]}<\/script>\n<!-- \/ Yoast SEO plugin. -->","yoast_head_json":{"title":"VESDA-E VEP - Advantronic","robots":{"index":"noindex","follow":"follow","max-snippet":"max-snippet:-1","max-image-preview":"max-image-preview:large","max-video-preview":"max-video-preview:-1"},"og_locale":"en_US","og_type":"article","og_title":"VESDA-E VEP - Advantronic","og_description":"VESDA E","og_url":"http:\/\/advantronic.hixd.es\/en\/detectores-especiales\/vesda-e-vep\/","og_site_name":"Advantronic","article_publisher":"https:\/\/www.facebook.com\/Advantronic","article_modified_time":"2022-01-03T12:06:22+00:00","og_image":[{"width":254,"height":254,"url":"http:\/\/advantronic.hixd.es\/wp-content\/uploads\/2022\/01\/VEP_f.png","type":"image\/png"}],"twitter_card":"summary_large_image","twitter_site":"@advantronic","twitter_misc":{"Est. reading time":"1 minute"},"schema":{"@context":"https:\/\/schema.org","@graph":[{"@type":"WebPage","@id":"http:\/\/advantronic.hixd.es\/en\/detectores-especiales\/vesda-e-vep\/","url":"http:\/\/advantronic.hixd.es\/en\/detectores-especiales\/vesda-e-vep\/","name":"VESDA-E VEP - Advantronic","isPartOf":{"@id":"https:\/\/advantronic.hixd.es\/#website"},"datePublished":"2022-01-03T12:06:21+00:00","dateModified":"2022-01-03T12:06:22+00:00","breadcrumb":{"@id":"http:\/\/advantronic.hixd.es\/en\/detectores-especiales\/vesda-e-vep\/#breadcrumb"},"inLanguage":"en-US","potentialAction":[{"@type":"ReadAction","target":["http:\/\/advantronic.hixd.es\/en\/detectores-especiales\/vesda-e-vep\/"]}]},{"@type":"BreadcrumbList","@id":"http:\/\/advantronic.hixd.es\/en\/detectores-especiales\/vesda-e-vep\/#breadcrumb","itemListElement":[{"@type":"ListItem","position":1,"name":"Portada","item":"https:\/\/advantronic.hixd.es\/en\/"},{"@type":"ListItem","position":2,"name":"Products","item":"http:\/\/advantronic.hixd.es\/en\/shop\/"},{"@type":"ListItem","position":3,"name":"VESDA-E VEP"}]},{"@type":"WebSite","@id":"https:\/\/advantronic.hixd.es\/#website","url":"https:\/\/advantronic.hixd.es\/","name":"Advantronic","description":"Sistemas de detecci\u00f3n autom\u00e1tica de incendios","publisher":{"@id":"https:\/\/advantronic.hixd.es\/#organization"},"potentialAction":[{"@type":"SearchAction","target":{"@type":"EntryPoint","urlTemplate":"https:\/\/advantronic.hixd.es\/?s={search_term_string}"},"query-input":"required name=search_term_string"}],"inLanguage":"en-US"},{"@type":"Organization","@id":"https:\/\/advantronic.hixd.es\/#organization","name":"Advantronic Systems, S.L.","url":"https:\/\/advantronic.hixd.es\/","logo":{"@type":"ImageObject","inLanguage":"en-US","@id":"https:\/\/advantronic.hixd.es\/#\/schema\/logo\/image\/","url":"http:\/\/advantronic.hixd.es\/wp-content\/uploads\/2022\/01\/logo_advantronic.png","contentUrl":"http:\/\/advantronic.hixd.es\/wp-content\/uploads\/2022\/01\/logo_advantronic.png","width":154,"height":26,"caption":"Advantronic Systems, S.L."},"image":{"@id":"https:\/\/advantronic.hixd.es\/#\/schema\/logo\/image\/"},"sameAs":["https:\/\/www.facebook.com\/Advantronic","https:\/\/twitter.com\/advantronic"]}]}},"_links":{"self":[{"href":"http:\/\/advantronic.hixd.es\/en\/wp-json\/wp\/v2\/product\/782"}],"collection":[{"href":"http:\/\/advantronic.hixd.es\/en\/wp-json\/wp\/v2\/product"}],"about":[{"href":"http:\/\/advantronic.hixd.es\/en\/wp-json\/wp\/v2\/types\/product"}],"wp:featuredmedia":[{"embeddable":true,"href":"http:\/\/advantronic.hixd.es\/en\/wp-json\/wp\/v2\/media\/783"}],"wp:attachment":[{"href":"http:\/\/advantronic.hixd.es\/en\/wp-json\/wp\/v2\/media?parent=782"}],"wp:term":[{"taxonomy":"product_cat","embeddable":true,"href":"http:\/\/advantronic.hixd.es\/en\/wp-json\/wp\/v2\/product_cat?post=782"},{"taxonomy":"product_tag","embeddable":true,"href":"http:\/\/advantronic.hixd.es\/en\/wp-json\/wp\/v2\/product_tag?post=782"}],"curies":[{"name":"wp","href":"https:\/\/api.w.org\/{rel}","templated":true}]}}