{"id":742,"date":"2022-01-03T10:22:21","date_gmt":"2022-01-03T09:22:21","guid":{"rendered":"http:\/\/advantronic.hixd.es\/?post_type=product&#038;p=742"},"modified":"2022-01-03T10:22:21","modified_gmt":"2022-01-03T09:22:21","slug":"detector-de-humo-de-tipo-haz-de-imagenes-reflectantes","status":"publish","type":"product","link":"http:\/\/advantronic.hixd.es\/en\/detectores-especiales\/detector-de-humo-de-tipo-haz-de-imagenes-reflectantes\/","title":{"rendered":"Detector de Humo de Tipo Haz de Im\u00e1genes Reflectantes"},"content":{"rendered":"<p>La unidad OSI-RE es un detector de humo \u00f3ptico lineal de haz reflejado, dise\u00f1ado para funcionar como detector de humo en sistemas de alarma contra incendios. El haz funciona principalmente sobre el principio de oscurecimiento de luz mediante un haz infrarrojo. Los detectores de humo \u00f3pticos lineales son especialmente apropiados para proteger edificios con grandes espacios abiertos, como almacenes, atrios, etc.<\/p>\n<p>El detector OSI-RE es una unidad de transmisor\/receptor combinada que se puede conectar directamente a un circuito de detecci\u00f3n convencional.<\/p>\n","protected":false},"excerpt":{"rendered":"<p>Xtralis OSID<\/p>\n","protected":false},"featured_media":746,"template":"","meta":{"inline_featured_image":false},"product_cat":[32,44],"product_tag":[],"acf":[],"yoast_head":"<!-- This site is optimized with the Yoast SEO plugin v19.13 - https:\/\/yoast.com\/wordpress\/plugins\/seo\/ -->\n<title>Detector de Humo de Tipo Haz de Im\u00e1genes Reflectantes - Advantronic<\/title>\n<meta name=\"robots\" content=\"noindex, follow, max-snippet:-1, max-image-preview:large, max-video-preview:-1\" \/>\n<meta property=\"og:locale\" content=\"en_US\" \/>\n<meta property=\"og:type\" content=\"article\" \/>\n<meta property=\"og:title\" content=\"Detector de Humo de Tipo Haz de Im\u00e1genes Reflectantes - Advantronic\" \/>\n<meta property=\"og:description\" content=\"Xtralis OSID\" \/>\n<meta property=\"og:url\" content=\"http:\/\/advantronic.hixd.es\/en\/detectores-especiales\/detector-de-humo-de-tipo-haz-de-imagenes-reflectantes\/\" \/>\n<meta property=\"og:site_name\" content=\"Advantronic\" \/>\n<meta property=\"article:publisher\" content=\"https:\/\/www.facebook.com\/Advantronic\" \/>\n<meta property=\"og:image\" content=\"http:\/\/advantronic.hixd.es\/wp-content\/uploads\/2022\/01\/OSIDR_f.png\" \/>\n\t<meta property=\"og:image:width\" content=\"254\" \/>\n\t<meta property=\"og:image:height\" content=\"254\" \/>\n\t<meta property=\"og:image:type\" content=\"image\/png\" \/>\n<meta name=\"twitter:card\" content=\"summary_large_image\" \/>\n<meta name=\"twitter:site\" content=\"@advantronic\" \/>\n<meta name=\"twitter:label1\" content=\"Est. reading time\" \/>\n\t<meta name=\"twitter:data1\" content=\"1 minute\" \/>\n<script type=\"application\/ld+json\" class=\"yoast-schema-graph\">{\"@context\":\"https:\/\/schema.org\",\"@graph\":[{\"@type\":\"WebPage\",\"@id\":\"http:\/\/advantronic.hixd.es\/en\/detectores-especiales\/detector-de-humo-de-tipo-haz-de-imagenes-reflectantes\/\",\"url\":\"http:\/\/advantronic.hixd.es\/en\/detectores-especiales\/detector-de-humo-de-tipo-haz-de-imagenes-reflectantes\/\",\"name\":\"Detector de Humo de Tipo Haz de Im\u00e1genes Reflectantes - Advantronic\",\"isPartOf\":{\"@id\":\"https:\/\/advantronic.hixd.es\/#website\"},\"datePublished\":\"2022-01-03T09:22:21+00:00\",\"dateModified\":\"2022-01-03T09:22:21+00:00\",\"breadcrumb\":{\"@id\":\"http:\/\/advantronic.hixd.es\/en\/detectores-especiales\/detector-de-humo-de-tipo-haz-de-imagenes-reflectantes\/#breadcrumb\"},\"inLanguage\":\"en-US\",\"potentialAction\":[{\"@type\":\"ReadAction\",\"target\":[\"http:\/\/advantronic.hixd.es\/en\/detectores-especiales\/detector-de-humo-de-tipo-haz-de-imagenes-reflectantes\/\"]}]},{\"@type\":\"BreadcrumbList\",\"@id\":\"http:\/\/advantronic.hixd.es\/en\/detectores-especiales\/detector-de-humo-de-tipo-haz-de-imagenes-reflectantes\/#breadcrumb\",\"itemListElement\":[{\"@type\":\"ListItem\",\"position\":1,\"name\":\"Portada\",\"item\":\"https:\/\/advantronic.hixd.es\/en\/\"},{\"@type\":\"ListItem\",\"position\":2,\"name\":\"Products\",\"item\":\"http:\/\/advantronic.hixd.es\/en\/shop\/\"},{\"@type\":\"ListItem\",\"position\":3,\"name\":\"Detector de Humo de Tipo Haz de Im\u00e1genes Reflectantes\"}]},{\"@type\":\"WebSite\",\"@id\":\"https:\/\/advantronic.hixd.es\/#website\",\"url\":\"https:\/\/advantronic.hixd.es\/\",\"name\":\"Advantronic\",\"description\":\"Sistemas de detecci\u00f3n autom\u00e1tica de incendios\",\"publisher\":{\"@id\":\"https:\/\/advantronic.hixd.es\/#organization\"},\"potentialAction\":[{\"@type\":\"SearchAction\",\"target\":{\"@type\":\"EntryPoint\",\"urlTemplate\":\"https:\/\/advantronic.hixd.es\/?s={search_term_string}\"},\"query-input\":\"required name=search_term_string\"}],\"inLanguage\":\"en-US\"},{\"@type\":\"Organization\",\"@id\":\"https:\/\/advantronic.hixd.es\/#organization\",\"name\":\"Advantronic Systems, S.L.\",\"url\":\"https:\/\/advantronic.hixd.es\/\",\"logo\":{\"@type\":\"ImageObject\",\"inLanguage\":\"en-US\",\"@id\":\"https:\/\/advantronic.hixd.es\/#\/schema\/logo\/image\/\",\"url\":\"http:\/\/advantronic.hixd.es\/wp-content\/uploads\/2022\/01\/logo_advantronic.png\",\"contentUrl\":\"http:\/\/advantronic.hixd.es\/wp-content\/uploads\/2022\/01\/logo_advantronic.png\",\"width\":154,\"height\":26,\"caption\":\"Advantronic Systems, S.L.\"},\"image\":{\"@id\":\"https:\/\/advantronic.hixd.es\/#\/schema\/logo\/image\/\"},\"sameAs\":[\"https:\/\/www.facebook.com\/Advantronic\",\"https:\/\/twitter.com\/advantronic\"]}]}<\/script>\n<!-- \/ Yoast SEO plugin. -->","yoast_head_json":{"title":"Detector de Humo de Tipo Haz de Im\u00e1genes Reflectantes - Advantronic","robots":{"index":"noindex","follow":"follow","max-snippet":"max-snippet:-1","max-image-preview":"max-image-preview:large","max-video-preview":"max-video-preview:-1"},"og_locale":"en_US","og_type":"article","og_title":"Detector de Humo de Tipo Haz de Im\u00e1genes Reflectantes - Advantronic","og_description":"Xtralis OSID","og_url":"http:\/\/advantronic.hixd.es\/en\/detectores-especiales\/detector-de-humo-de-tipo-haz-de-imagenes-reflectantes\/","og_site_name":"Advantronic","article_publisher":"https:\/\/www.facebook.com\/Advantronic","og_image":[{"width":254,"height":254,"url":"http:\/\/advantronic.hixd.es\/wp-content\/uploads\/2022\/01\/OSIDR_f.png","type":"image\/png"}],"twitter_card":"summary_large_image","twitter_site":"@advantronic","twitter_misc":{"Est. reading time":"1 minute"},"schema":{"@context":"https:\/\/schema.org","@graph":[{"@type":"WebPage","@id":"http:\/\/advantronic.hixd.es\/en\/detectores-especiales\/detector-de-humo-de-tipo-haz-de-imagenes-reflectantes\/","url":"http:\/\/advantronic.hixd.es\/en\/detectores-especiales\/detector-de-humo-de-tipo-haz-de-imagenes-reflectantes\/","name":"Detector de Humo de Tipo Haz de Im\u00e1genes Reflectantes - Advantronic","isPartOf":{"@id":"https:\/\/advantronic.hixd.es\/#website"},"datePublished":"2022-01-03T09:22:21+00:00","dateModified":"2022-01-03T09:22:21+00:00","breadcrumb":{"@id":"http:\/\/advantronic.hixd.es\/en\/detectores-especiales\/detector-de-humo-de-tipo-haz-de-imagenes-reflectantes\/#breadcrumb"},"inLanguage":"en-US","potentialAction":[{"@type":"ReadAction","target":["http:\/\/advantronic.hixd.es\/en\/detectores-especiales\/detector-de-humo-de-tipo-haz-de-imagenes-reflectantes\/"]}]},{"@type":"BreadcrumbList","@id":"http:\/\/advantronic.hixd.es\/en\/detectores-especiales\/detector-de-humo-de-tipo-haz-de-imagenes-reflectantes\/#breadcrumb","itemListElement":[{"@type":"ListItem","position":1,"name":"Portada","item":"https:\/\/advantronic.hixd.es\/en\/"},{"@type":"ListItem","position":2,"name":"Products","item":"http:\/\/advantronic.hixd.es\/en\/shop\/"},{"@type":"ListItem","position":3,"name":"Detector de Humo de Tipo Haz de Im\u00e1genes Reflectantes"}]},{"@type":"WebSite","@id":"https:\/\/advantronic.hixd.es\/#website","url":"https:\/\/advantronic.hixd.es\/","name":"Advantronic","description":"Sistemas de detecci\u00f3n autom\u00e1tica de incendios","publisher":{"@id":"https:\/\/advantronic.hixd.es\/#organization"},"potentialAction":[{"@type":"SearchAction","target":{"@type":"EntryPoint","urlTemplate":"https:\/\/advantronic.hixd.es\/?s={search_term_string}"},"query-input":"required name=search_term_string"}],"inLanguage":"en-US"},{"@type":"Organization","@id":"https:\/\/advantronic.hixd.es\/#organization","name":"Advantronic Systems, S.L.","url":"https:\/\/advantronic.hixd.es\/","logo":{"@type":"ImageObject","inLanguage":"en-US","@id":"https:\/\/advantronic.hixd.es\/#\/schema\/logo\/image\/","url":"http:\/\/advantronic.hixd.es\/wp-content\/uploads\/2022\/01\/logo_advantronic.png","contentUrl":"http:\/\/advantronic.hixd.es\/wp-content\/uploads\/2022\/01\/logo_advantronic.png","width":154,"height":26,"caption":"Advantronic Systems, S.L."},"image":{"@id":"https:\/\/advantronic.hixd.es\/#\/schema\/logo\/image\/"},"sameAs":["https:\/\/www.facebook.com\/Advantronic","https:\/\/twitter.com\/advantronic"]}]}},"_links":{"self":[{"href":"http:\/\/advantronic.hixd.es\/en\/wp-json\/wp\/v2\/product\/742"}],"collection":[{"href":"http:\/\/advantronic.hixd.es\/en\/wp-json\/wp\/v2\/product"}],"about":[{"href":"http:\/\/advantronic.hixd.es\/en\/wp-json\/wp\/v2\/types\/product"}],"wp:featuredmedia":[{"embeddable":true,"href":"http:\/\/advantronic.hixd.es\/en\/wp-json\/wp\/v2\/media\/746"}],"wp:attachment":[{"href":"http:\/\/advantronic.hixd.es\/en\/wp-json\/wp\/v2\/media?parent=742"}],"wp:term":[{"taxonomy":"product_cat","embeddable":true,"href":"http:\/\/advantronic.hixd.es\/en\/wp-json\/wp\/v2\/product_cat?post=742"},{"taxonomy":"product_tag","embeddable":true,"href":"http:\/\/advantronic.hixd.es\/en\/wp-json\/wp\/v2\/product_tag?post=742"}],"curies":[{"name":"wp","href":"https:\/\/api.w.org\/{rel}","templated":true}]}}