{"id":723,"date":"2022-01-03T09:46:57","date_gmt":"2022-01-03T08:46:57","guid":{"rendered":"http:\/\/advantronic.hixd.es\/?post_type=product&#038;p=723"},"modified":"2022-01-03T09:58:21","modified_gmt":"2022-01-03T08:58:21","slug":"detector-lineal-de-calor","status":"publish","type":"product","link":"http:\/\/advantronic.hixd.es\/en\/detectores-especiales\/detector-lineal-de-calor\/","title":{"rendered":"Detector lineal de calor"},"content":{"rendered":"<p>El detector lineal de calor Protectowire es un cable patentado que detecta el calor en cualquier punto de su extensi\u00f3n. El cable del sensor est\u00e1 compuesto por dos conductores de acero aislados de manera independiente y un pol\u00edmero sensible al calor. Los conductores aislados se trenzan entre s\u00ed para ejercer una presi\u00f3n de resorte entre ellos, luego se envuelven con una cinta protectora y, por \u00faltimo, se les coloca una cubierta exterior apta para el entorno en el que se instalar\u00e1 el detector.<\/p>\n<p>Protectowire es un sensor digital de temperatura fijo por lo que es capaz de iniciar una alarma una vez que se alcanza la temperatura de activaci\u00f3n nominal. Cuando se alcanza la temperatura nominal, el aislamiento de pol\u00edmero sensible al calor cede a la presi\u00f3n que se ejerce sobre \u00e9l, lo que permite que los conductores internos entren en contacto y activen una se\u00f1al de alarma. Esta acci\u00f3n se da en el primer punto caliente en cualquier punto de la extensi\u00f3n del detector. No es necesario que se caliente una longitud espec\u00edfica para que se active la alarma, ni se debe calibrar el sistema para compensar los cambios en la temperatura ambiente instalada. El detector lineal de calor Protectowire tiene la ventaja de tener cobertura de l\u00ednea con sensibilidad de puntos.<\/p>\n","protected":false},"excerpt":{"rendered":"<p>El detector lineal de calor Protectowire es un cable patentado que detecta el calor en cualquier punto de su extensi\u00f3n. El cable del sensor est\u00e1 compuesto por dos conductores de acero aislados de manera independiente y un pol\u00edmero sensible al calor. Los conductores aislados se trenzan entre s\u00ed para ejercer una presi\u00f3n de resorte entre [&hellip;]<\/p>\n","protected":false},"featured_media":727,"template":"","meta":{"inline_featured_image":false},"product_cat":[32,46],"product_tag":[],"acf":[],"yoast_head":"<!-- This site is optimized with the Yoast SEO plugin v19.13 - https:\/\/yoast.com\/wordpress\/plugins\/seo\/ -->\n<title>Detector lineal de calor - Advantronic<\/title>\n<meta name=\"robots\" content=\"noindex, follow, max-snippet:-1, max-image-preview:large, max-video-preview:-1\" \/>\n<meta property=\"og:locale\" content=\"en_US\" \/>\n<meta property=\"og:type\" content=\"article\" \/>\n<meta property=\"og:title\" content=\"Detector lineal de calor - Advantronic\" \/>\n<meta property=\"og:description\" content=\"El detector lineal de calor Protectowire es un cable patentado que detecta el calor en cualquier punto de su extensi\u00f3n. El cable del sensor est\u00e1 compuesto por dos conductores de acero aislados de manera independiente y un pol\u00edmero sensible al calor. Los conductores aislados se trenzan entre s\u00ed para ejercer una presi\u00f3n de resorte entre [&hellip;]\" \/>\n<meta property=\"og:url\" content=\"http:\/\/advantronic.hixd.es\/en\/detectores-especiales\/detector-lineal-de-calor\/\" \/>\n<meta property=\"og:site_name\" content=\"Advantronic\" \/>\n<meta property=\"article:publisher\" content=\"https:\/\/www.facebook.com\/Advantronic\" \/>\n<meta property=\"article:modified_time\" content=\"2022-01-03T08:58:21+00:00\" \/>\n<meta property=\"og:image\" content=\"http:\/\/advantronic.hixd.es\/wp-content\/uploads\/2022\/01\/Cables-PW.jpg\" \/>\n\t<meta property=\"og:image:width\" content=\"1470\" \/>\n\t<meta property=\"og:image:height\" content=\"649\" \/>\n\t<meta property=\"og:image:type\" content=\"image\/jpeg\" \/>\n<meta name=\"twitter:card\" content=\"summary_large_image\" \/>\n<meta name=\"twitter:site\" content=\"@advantronic\" \/>\n<meta name=\"twitter:label1\" content=\"Est. reading time\" \/>\n\t<meta name=\"twitter:data1\" content=\"1 minute\" \/>\n<script type=\"application\/ld+json\" class=\"yoast-schema-graph\">{\"@context\":\"https:\/\/schema.org\",\"@graph\":[{\"@type\":\"WebPage\",\"@id\":\"http:\/\/advantronic.hixd.es\/en\/detectores-especiales\/detector-lineal-de-calor\/\",\"url\":\"http:\/\/advantronic.hixd.es\/en\/detectores-especiales\/detector-lineal-de-calor\/\",\"name\":\"Detector lineal de calor - Advantronic\",\"isPartOf\":{\"@id\":\"https:\/\/advantronic.hixd.es\/#website\"},\"datePublished\":\"2022-01-03T08:46:57+00:00\",\"dateModified\":\"2022-01-03T08:58:21+00:00\",\"breadcrumb\":{\"@id\":\"http:\/\/advantronic.hixd.es\/en\/detectores-especiales\/detector-lineal-de-calor\/#breadcrumb\"},\"inLanguage\":\"en-US\",\"potentialAction\":[{\"@type\":\"ReadAction\",\"target\":[\"http:\/\/advantronic.hixd.es\/en\/detectores-especiales\/detector-lineal-de-calor\/\"]}]},{\"@type\":\"BreadcrumbList\",\"@id\":\"http:\/\/advantronic.hixd.es\/en\/detectores-especiales\/detector-lineal-de-calor\/#breadcrumb\",\"itemListElement\":[{\"@type\":\"ListItem\",\"position\":1,\"name\":\"Portada\",\"item\":\"https:\/\/advantronic.hixd.es\/en\/\"},{\"@type\":\"ListItem\",\"position\":2,\"name\":\"Products\",\"item\":\"http:\/\/advantronic.hixd.es\/en\/shop\/\"},{\"@type\":\"ListItem\",\"position\":3,\"name\":\"Detector lineal de calor\"}]},{\"@type\":\"WebSite\",\"@id\":\"https:\/\/advantronic.hixd.es\/#website\",\"url\":\"https:\/\/advantronic.hixd.es\/\",\"name\":\"Advantronic\",\"description\":\"Sistemas de detecci\u00f3n autom\u00e1tica de incendios\",\"publisher\":{\"@id\":\"https:\/\/advantronic.hixd.es\/#organization\"},\"potentialAction\":[{\"@type\":\"SearchAction\",\"target\":{\"@type\":\"EntryPoint\",\"urlTemplate\":\"https:\/\/advantronic.hixd.es\/?s={search_term_string}\"},\"query-input\":\"required name=search_term_string\"}],\"inLanguage\":\"en-US\"},{\"@type\":\"Organization\",\"@id\":\"https:\/\/advantronic.hixd.es\/#organization\",\"name\":\"Advantronic Systems, S.L.\",\"url\":\"https:\/\/advantronic.hixd.es\/\",\"logo\":{\"@type\":\"ImageObject\",\"inLanguage\":\"en-US\",\"@id\":\"https:\/\/advantronic.hixd.es\/#\/schema\/logo\/image\/\",\"url\":\"http:\/\/advantronic.hixd.es\/wp-content\/uploads\/2022\/01\/logo_advantronic.png\",\"contentUrl\":\"http:\/\/advantronic.hixd.es\/wp-content\/uploads\/2022\/01\/logo_advantronic.png\",\"width\":154,\"height\":26,\"caption\":\"Advantronic Systems, S.L.\"},\"image\":{\"@id\":\"https:\/\/advantronic.hixd.es\/#\/schema\/logo\/image\/\"},\"sameAs\":[\"https:\/\/www.facebook.com\/Advantronic\",\"https:\/\/twitter.com\/advantronic\"]}]}<\/script>\n<!-- \/ Yoast SEO plugin. -->","yoast_head_json":{"title":"Detector lineal de calor - Advantronic","robots":{"index":"noindex","follow":"follow","max-snippet":"max-snippet:-1","max-image-preview":"max-image-preview:large","max-video-preview":"max-video-preview:-1"},"og_locale":"en_US","og_type":"article","og_title":"Detector lineal de calor - Advantronic","og_description":"El detector lineal de calor Protectowire es un cable patentado que detecta el calor en cualquier punto de su extensi\u00f3n. El cable del sensor est\u00e1 compuesto por dos conductores de acero aislados de manera independiente y un pol\u00edmero sensible al calor. Los conductores aislados se trenzan entre s\u00ed para ejercer una presi\u00f3n de resorte entre [&hellip;]","og_url":"http:\/\/advantronic.hixd.es\/en\/detectores-especiales\/detector-lineal-de-calor\/","og_site_name":"Advantronic","article_publisher":"https:\/\/www.facebook.com\/Advantronic","article_modified_time":"2022-01-03T08:58:21+00:00","og_image":[{"width":1470,"height":649,"url":"http:\/\/advantronic.hixd.es\/wp-content\/uploads\/2022\/01\/Cables-PW.jpg","type":"image\/jpeg"}],"twitter_card":"summary_large_image","twitter_site":"@advantronic","twitter_misc":{"Est. reading time":"1 minute"},"schema":{"@context":"https:\/\/schema.org","@graph":[{"@type":"WebPage","@id":"http:\/\/advantronic.hixd.es\/en\/detectores-especiales\/detector-lineal-de-calor\/","url":"http:\/\/advantronic.hixd.es\/en\/detectores-especiales\/detector-lineal-de-calor\/","name":"Detector lineal de calor - Advantronic","isPartOf":{"@id":"https:\/\/advantronic.hixd.es\/#website"},"datePublished":"2022-01-03T08:46:57+00:00","dateModified":"2022-01-03T08:58:21+00:00","breadcrumb":{"@id":"http:\/\/advantronic.hixd.es\/en\/detectores-especiales\/detector-lineal-de-calor\/#breadcrumb"},"inLanguage":"en-US","potentialAction":[{"@type":"ReadAction","target":["http:\/\/advantronic.hixd.es\/en\/detectores-especiales\/detector-lineal-de-calor\/"]}]},{"@type":"BreadcrumbList","@id":"http:\/\/advantronic.hixd.es\/en\/detectores-especiales\/detector-lineal-de-calor\/#breadcrumb","itemListElement":[{"@type":"ListItem","position":1,"name":"Portada","item":"https:\/\/advantronic.hixd.es\/en\/"},{"@type":"ListItem","position":2,"name":"Products","item":"http:\/\/advantronic.hixd.es\/en\/shop\/"},{"@type":"ListItem","position":3,"name":"Detector lineal de calor"}]},{"@type":"WebSite","@id":"https:\/\/advantronic.hixd.es\/#website","url":"https:\/\/advantronic.hixd.es\/","name":"Advantronic","description":"Sistemas de detecci\u00f3n autom\u00e1tica de incendios","publisher":{"@id":"https:\/\/advantronic.hixd.es\/#organization"},"potentialAction":[{"@type":"SearchAction","target":{"@type":"EntryPoint","urlTemplate":"https:\/\/advantronic.hixd.es\/?s={search_term_string}"},"query-input":"required name=search_term_string"}],"inLanguage":"en-US"},{"@type":"Organization","@id":"https:\/\/advantronic.hixd.es\/#organization","name":"Advantronic Systems, S.L.","url":"https:\/\/advantronic.hixd.es\/","logo":{"@type":"ImageObject","inLanguage":"en-US","@id":"https:\/\/advantronic.hixd.es\/#\/schema\/logo\/image\/","url":"http:\/\/advantronic.hixd.es\/wp-content\/uploads\/2022\/01\/logo_advantronic.png","contentUrl":"http:\/\/advantronic.hixd.es\/wp-content\/uploads\/2022\/01\/logo_advantronic.png","width":154,"height":26,"caption":"Advantronic Systems, S.L."},"image":{"@id":"https:\/\/advantronic.hixd.es\/#\/schema\/logo\/image\/"},"sameAs":["https:\/\/www.facebook.com\/Advantronic","https:\/\/twitter.com\/advantronic"]}]}},"_links":{"self":[{"href":"http:\/\/advantronic.hixd.es\/en\/wp-json\/wp\/v2\/product\/723"}],"collection":[{"href":"http:\/\/advantronic.hixd.es\/en\/wp-json\/wp\/v2\/product"}],"about":[{"href":"http:\/\/advantronic.hixd.es\/en\/wp-json\/wp\/v2\/types\/product"}],"wp:featuredmedia":[{"embeddable":true,"href":"http:\/\/advantronic.hixd.es\/en\/wp-json\/wp\/v2\/media\/727"}],"wp:attachment":[{"href":"http:\/\/advantronic.hixd.es\/en\/wp-json\/wp\/v2\/media?parent=723"}],"wp:term":[{"taxonomy":"product_cat","embeddable":true,"href":"http:\/\/advantronic.hixd.es\/en\/wp-json\/wp\/v2\/product_cat?post=723"},{"taxonomy":"product_tag","embeddable":true,"href":"http:\/\/advantronic.hixd.es\/en\/wp-json\/wp\/v2\/product_tag?post=723"}],"curies":[{"name":"wp","href":"https:\/\/api.w.org\/{rel}","templated":true}]}}