{"id":527,"date":"2021-12-27T18:20:11","date_gmt":"2021-12-27T17:20:11","guid":{"rendered":"http:\/\/advantronic.hixd.es\/?post_type=product&#038;p=527"},"modified":"2021-12-27T18:26:50","modified_gmt":"2021-12-27T17:26:50","slug":"modulo-rele","status":"publish","type":"product","link":"http:\/\/advantronic.hixd.es\/en\/mod-de-lazo\/modulo-rele\/","title":{"rendered":"M\u00f3dulo rel\u00e9"},"content":{"rendered":"<p>La unidad de rel\u00e9 VM240 amplia un m\u00f3dulo de salida AV126AL a una unidad capaz de conmutar la tensi\u00f3n de red y corrientes m\u00e1s altas. El uso de un m\u00f3dulo existente para las funciones de comunicaci\u00f3n, control y seguimiento significa que la unidad es totalmente compatible con todas las centrales que admiten el protocolo de lazo Argus. La unidad se puede ampliar f\u00e1cilmente como opci\u00f3n inal\u00e1mbrica a\u00f1adiendo el fin de l\u00ednea SGMCB-EOLM y conect\u00e1ndolo al m\u00f3dulo de salida inal\u00e1mbri\ufffeco AVW126AL. Las unidades son perfectas para conmutar la tensi\u00f3n de red a equipos tales como compuertas, sirenas o donde se requiera una conmutaci\u00f3n de corriente de alta tensi\u00f3n controlada por un sistema de baja tensi\u00f3n.<\/p>\n","protected":false},"excerpt":{"rendered":"<p>Modulo rel\u00e9 240 Vca<\/p>\n","protected":false},"featured_media":535,"template":"","meta":{"inline_featured_image":false},"product_cat":[40,28],"product_tag":[],"acf":[],"yoast_head":"<!-- This site is optimized with the Yoast SEO plugin v19.13 - https:\/\/yoast.com\/wordpress\/plugins\/seo\/ -->\n<title>M\u00f3dulo rel\u00e9 - Advantronic<\/title>\n<meta name=\"robots\" content=\"noindex, follow, max-snippet:-1, max-image-preview:large, max-video-preview:-1\" \/>\n<meta property=\"og:locale\" content=\"en_US\" \/>\n<meta property=\"og:type\" content=\"article\" \/>\n<meta property=\"og:title\" content=\"M\u00f3dulo rel\u00e9 - Advantronic\" \/>\n<meta property=\"og:description\" content=\"Modulo rel\u00e9 240 Vca\" \/>\n<meta property=\"og:url\" content=\"http:\/\/advantronic.hixd.es\/en\/mod-de-lazo\/modulo-rele\/\" \/>\n<meta property=\"og:site_name\" content=\"Advantronic\" \/>\n<meta property=\"article:publisher\" content=\"https:\/\/www.facebook.com\/Advantronic\" \/>\n<meta property=\"article:modified_time\" content=\"2021-12-27T17:26:50+00:00\" \/>\n<meta property=\"og:image\" content=\"http:\/\/advantronic.hixd.es\/wp-content\/uploads\/2021\/12\/VM240_f.jpg\" \/>\n\t<meta property=\"og:image:width\" content=\"1171\" \/>\n\t<meta property=\"og:image:height\" content=\"836\" \/>\n\t<meta property=\"og:image:type\" content=\"image\/jpeg\" \/>\n<meta name=\"twitter:card\" content=\"summary_large_image\" \/>\n<meta name=\"twitter:site\" content=\"@advantronic\" \/>\n<meta name=\"twitter:label1\" content=\"Est. reading time\" \/>\n\t<meta name=\"twitter:data1\" content=\"1 minute\" \/>\n<script type=\"application\/ld+json\" class=\"yoast-schema-graph\">{\"@context\":\"https:\/\/schema.org\",\"@graph\":[{\"@type\":\"WebPage\",\"@id\":\"http:\/\/advantronic.hixd.es\/en\/mod-de-lazo\/modulo-rele\/\",\"url\":\"http:\/\/advantronic.hixd.es\/en\/mod-de-lazo\/modulo-rele\/\",\"name\":\"M\u00f3dulo rel\u00e9 - Advantronic\",\"isPartOf\":{\"@id\":\"https:\/\/advantronic.hixd.es\/#website\"},\"datePublished\":\"2021-12-27T17:20:11+00:00\",\"dateModified\":\"2021-12-27T17:26:50+00:00\",\"breadcrumb\":{\"@id\":\"http:\/\/advantronic.hixd.es\/en\/mod-de-lazo\/modulo-rele\/#breadcrumb\"},\"inLanguage\":\"en-US\",\"potentialAction\":[{\"@type\":\"ReadAction\",\"target\":[\"http:\/\/advantronic.hixd.es\/en\/mod-de-lazo\/modulo-rele\/\"]}]},{\"@type\":\"BreadcrumbList\",\"@id\":\"http:\/\/advantronic.hixd.es\/en\/mod-de-lazo\/modulo-rele\/#breadcrumb\",\"itemListElement\":[{\"@type\":\"ListItem\",\"position\":1,\"name\":\"Portada\",\"item\":\"https:\/\/advantronic.hixd.es\/en\/\"},{\"@type\":\"ListItem\",\"position\":2,\"name\":\"Products\",\"item\":\"http:\/\/advantronic.hixd.es\/en\/shop\/\"},{\"@type\":\"ListItem\",\"position\":3,\"name\":\"M\u00f3dulo rel\u00e9\"}]},{\"@type\":\"WebSite\",\"@id\":\"https:\/\/advantronic.hixd.es\/#website\",\"url\":\"https:\/\/advantronic.hixd.es\/\",\"name\":\"Advantronic\",\"description\":\"Sistemas de detecci\u00f3n autom\u00e1tica de incendios\",\"publisher\":{\"@id\":\"https:\/\/advantronic.hixd.es\/#organization\"},\"potentialAction\":[{\"@type\":\"SearchAction\",\"target\":{\"@type\":\"EntryPoint\",\"urlTemplate\":\"https:\/\/advantronic.hixd.es\/?s={search_term_string}\"},\"query-input\":\"required name=search_term_string\"}],\"inLanguage\":\"en-US\"},{\"@type\":\"Organization\",\"@id\":\"https:\/\/advantronic.hixd.es\/#organization\",\"name\":\"Advantronic Systems, S.L.\",\"url\":\"https:\/\/advantronic.hixd.es\/\",\"logo\":{\"@type\":\"ImageObject\",\"inLanguage\":\"en-US\",\"@id\":\"https:\/\/advantronic.hixd.es\/#\/schema\/logo\/image\/\",\"url\":\"http:\/\/advantronic.hixd.es\/wp-content\/uploads\/2022\/01\/logo_advantronic.png\",\"contentUrl\":\"http:\/\/advantronic.hixd.es\/wp-content\/uploads\/2022\/01\/logo_advantronic.png\",\"width\":154,\"height\":26,\"caption\":\"Advantronic Systems, S.L.\"},\"image\":{\"@id\":\"https:\/\/advantronic.hixd.es\/#\/schema\/logo\/image\/\"},\"sameAs\":[\"https:\/\/www.facebook.com\/Advantronic\",\"https:\/\/twitter.com\/advantronic\"]}]}<\/script>\n<!-- \/ Yoast SEO plugin. -->","yoast_head_json":{"title":"M\u00f3dulo rel\u00e9 - Advantronic","robots":{"index":"noindex","follow":"follow","max-snippet":"max-snippet:-1","max-image-preview":"max-image-preview:large","max-video-preview":"max-video-preview:-1"},"og_locale":"en_US","og_type":"article","og_title":"M\u00f3dulo rel\u00e9 - Advantronic","og_description":"Modulo rel\u00e9 240 Vca","og_url":"http:\/\/advantronic.hixd.es\/en\/mod-de-lazo\/modulo-rele\/","og_site_name":"Advantronic","article_publisher":"https:\/\/www.facebook.com\/Advantronic","article_modified_time":"2021-12-27T17:26:50+00:00","og_image":[{"width":1171,"height":836,"url":"http:\/\/advantronic.hixd.es\/wp-content\/uploads\/2021\/12\/VM240_f.jpg","type":"image\/jpeg"}],"twitter_card":"summary_large_image","twitter_site":"@advantronic","twitter_misc":{"Est. reading time":"1 minute"},"schema":{"@context":"https:\/\/schema.org","@graph":[{"@type":"WebPage","@id":"http:\/\/advantronic.hixd.es\/en\/mod-de-lazo\/modulo-rele\/","url":"http:\/\/advantronic.hixd.es\/en\/mod-de-lazo\/modulo-rele\/","name":"M\u00f3dulo rel\u00e9 - Advantronic","isPartOf":{"@id":"https:\/\/advantronic.hixd.es\/#website"},"datePublished":"2021-12-27T17:20:11+00:00","dateModified":"2021-12-27T17:26:50+00:00","breadcrumb":{"@id":"http:\/\/advantronic.hixd.es\/en\/mod-de-lazo\/modulo-rele\/#breadcrumb"},"inLanguage":"en-US","potentialAction":[{"@type":"ReadAction","target":["http:\/\/advantronic.hixd.es\/en\/mod-de-lazo\/modulo-rele\/"]}]},{"@type":"BreadcrumbList","@id":"http:\/\/advantronic.hixd.es\/en\/mod-de-lazo\/modulo-rele\/#breadcrumb","itemListElement":[{"@type":"ListItem","position":1,"name":"Portada","item":"https:\/\/advantronic.hixd.es\/en\/"},{"@type":"ListItem","position":2,"name":"Products","item":"http:\/\/advantronic.hixd.es\/en\/shop\/"},{"@type":"ListItem","position":3,"name":"M\u00f3dulo rel\u00e9"}]},{"@type":"WebSite","@id":"https:\/\/advantronic.hixd.es\/#website","url":"https:\/\/advantronic.hixd.es\/","name":"Advantronic","description":"Sistemas de detecci\u00f3n autom\u00e1tica de incendios","publisher":{"@id":"https:\/\/advantronic.hixd.es\/#organization"},"potentialAction":[{"@type":"SearchAction","target":{"@type":"EntryPoint","urlTemplate":"https:\/\/advantronic.hixd.es\/?s={search_term_string}"},"query-input":"required name=search_term_string"}],"inLanguage":"en-US"},{"@type":"Organization","@id":"https:\/\/advantronic.hixd.es\/#organization","name":"Advantronic Systems, S.L.","url":"https:\/\/advantronic.hixd.es\/","logo":{"@type":"ImageObject","inLanguage":"en-US","@id":"https:\/\/advantronic.hixd.es\/#\/schema\/logo\/image\/","url":"http:\/\/advantronic.hixd.es\/wp-content\/uploads\/2022\/01\/logo_advantronic.png","contentUrl":"http:\/\/advantronic.hixd.es\/wp-content\/uploads\/2022\/01\/logo_advantronic.png","width":154,"height":26,"caption":"Advantronic Systems, S.L."},"image":{"@id":"https:\/\/advantronic.hixd.es\/#\/schema\/logo\/image\/"},"sameAs":["https:\/\/www.facebook.com\/Advantronic","https:\/\/twitter.com\/advantronic"]}]}},"_links":{"self":[{"href":"http:\/\/advantronic.hixd.es\/en\/wp-json\/wp\/v2\/product\/527"}],"collection":[{"href":"http:\/\/advantronic.hixd.es\/en\/wp-json\/wp\/v2\/product"}],"about":[{"href":"http:\/\/advantronic.hixd.es\/en\/wp-json\/wp\/v2\/types\/product"}],"wp:featuredmedia":[{"embeddable":true,"href":"http:\/\/advantronic.hixd.es\/en\/wp-json\/wp\/v2\/media\/535"}],"wp:attachment":[{"href":"http:\/\/advantronic.hixd.es\/en\/wp-json\/wp\/v2\/media?parent=527"}],"wp:term":[{"taxonomy":"product_cat","embeddable":true,"href":"http:\/\/advantronic.hixd.es\/en\/wp-json\/wp\/v2\/product_cat?post=527"},{"taxonomy":"product_tag","embeddable":true,"href":"http:\/\/advantronic.hixd.es\/en\/wp-json\/wp\/v2\/product_tag?post=527"}],"curies":[{"name":"wp","href":"https:\/\/api.w.org\/{rel}","templated":true}]}}