{"id":509,"date":"2021-12-27T17:40:54","date_gmt":"2021-12-27T16:40:54","guid":{"rendered":"http:\/\/advantronic.hixd.es\/?post_type=product&#038;p=509"},"modified":"2021-12-27T17:55:14","modified_gmt":"2021-12-27T16:55:14","slug":"modulo-4e-4s","status":"publish","type":"product","link":"http:\/\/advantronic.hixd.es\/en\/sistemas-analogicos\/modulo-4e-4s\/","title":{"rendered":"M\u00f3dulo 4 Entradas y 4 Salidas"},"content":{"rendered":"<p>La serie de multim\u00f3dulos AV404AL ofrece 4 canales de entrada supervisadas y 4 canales de salida rel\u00e9 libres de tensi\u00f3n. Los dispo\ufffesitivos est\u00e1n controlados por un microprocesador que permite el monitoreo y control de dispositivos auxiliares. Estos dispositivos se alimentan del lazo, funcionan de acuerdo con el protocolo anal\u00f3gico Argus y se caracterizan por su bajo consumo. Su particular dise\u00f1o permite una instalaci\u00f3n f\u00e1cil y r\u00e1pida.<\/p>\n<p>Un canal es un sub-dispositivo del multim\u00f3dulo a trav\u00e9s del cual la central anal\u00f3gica ejerce una supervisi\u00f3n y control de dispositivos auxiliares ajenos al lazo anal\u00f3gico. Los multim\u00f3dulos son, de hecho, dispositivos multicanal.<\/p>\n","protected":false},"excerpt":{"rendered":"<p>Multim\u00f3dulo 4 entradas supervisadas y 4 salidas rel\u00e9<\/p>\n","protected":false},"featured_media":511,"template":"","meta":{"inline_featured_image":false},"product_cat":[40,28],"product_tag":[],"acf":[],"yoast_head":"<!-- This site is optimized with the Yoast SEO plugin v19.13 - https:\/\/yoast.com\/wordpress\/plugins\/seo\/ -->\n<title>M\u00f3dulo 4 Entradas y 4 Salidas - Advantronic<\/title>\n<meta name=\"robots\" content=\"noindex, follow, max-snippet:-1, max-image-preview:large, max-video-preview:-1\" \/>\n<meta property=\"og:locale\" content=\"en_US\" \/>\n<meta property=\"og:type\" content=\"article\" \/>\n<meta property=\"og:title\" content=\"M\u00f3dulo 4 Entradas y 4 Salidas - Advantronic\" \/>\n<meta property=\"og:description\" content=\"Multim\u00f3dulo 4 entradas supervisadas y 4 salidas rel\u00e9\" \/>\n<meta property=\"og:url\" content=\"http:\/\/advantronic.hixd.es\/en\/sistemas-analogicos\/modulo-4e-4s\/\" \/>\n<meta property=\"og:site_name\" content=\"Advantronic\" \/>\n<meta property=\"article:publisher\" content=\"https:\/\/www.facebook.com\/Advantronic\" \/>\n<meta property=\"article:modified_time\" content=\"2021-12-27T16:55:14+00:00\" \/>\n<meta property=\"og:image\" content=\"http:\/\/advantronic.hixd.es\/wp-content\/uploads\/2021\/12\/AV404_f-scaled.jpg\" \/>\n\t<meta property=\"og:image:width\" content=\"2560\" \/>\n\t<meta property=\"og:image:height\" content=\"1920\" \/>\n\t<meta property=\"og:image:type\" content=\"image\/jpeg\" \/>\n<meta name=\"twitter:card\" content=\"summary_large_image\" \/>\n<meta name=\"twitter:site\" content=\"@advantronic\" \/>\n<meta name=\"twitter:label1\" content=\"Est. reading time\" \/>\n\t<meta name=\"twitter:data1\" content=\"1 minute\" \/>\n<script type=\"application\/ld+json\" class=\"yoast-schema-graph\">{\"@context\":\"https:\/\/schema.org\",\"@graph\":[{\"@type\":\"WebPage\",\"@id\":\"http:\/\/advantronic.hixd.es\/en\/sistemas-analogicos\/modulo-4e-4s\/\",\"url\":\"http:\/\/advantronic.hixd.es\/en\/sistemas-analogicos\/modulo-4e-4s\/\",\"name\":\"M\u00f3dulo 4 Entradas y 4 Salidas - Advantronic\",\"isPartOf\":{\"@id\":\"https:\/\/advantronic.hixd.es\/#website\"},\"datePublished\":\"2021-12-27T16:40:54+00:00\",\"dateModified\":\"2021-12-27T16:55:14+00:00\",\"breadcrumb\":{\"@id\":\"http:\/\/advantronic.hixd.es\/en\/sistemas-analogicos\/modulo-4e-4s\/#breadcrumb\"},\"inLanguage\":\"en-US\",\"potentialAction\":[{\"@type\":\"ReadAction\",\"target\":[\"http:\/\/advantronic.hixd.es\/en\/sistemas-analogicos\/modulo-4e-4s\/\"]}]},{\"@type\":\"BreadcrumbList\",\"@id\":\"http:\/\/advantronic.hixd.es\/en\/sistemas-analogicos\/modulo-4e-4s\/#breadcrumb\",\"itemListElement\":[{\"@type\":\"ListItem\",\"position\":1,\"name\":\"Portada\",\"item\":\"https:\/\/advantronic.hixd.es\/en\/\"},{\"@type\":\"ListItem\",\"position\":2,\"name\":\"Products\",\"item\":\"http:\/\/advantronic.hixd.es\/en\/shop\/\"},{\"@type\":\"ListItem\",\"position\":3,\"name\":\"M\u00f3dulo 4 Entradas y 4 Salidas\"}]},{\"@type\":\"WebSite\",\"@id\":\"https:\/\/advantronic.hixd.es\/#website\",\"url\":\"https:\/\/advantronic.hixd.es\/\",\"name\":\"Advantronic\",\"description\":\"Sistemas de detecci\u00f3n autom\u00e1tica de incendios\",\"publisher\":{\"@id\":\"https:\/\/advantronic.hixd.es\/#organization\"},\"potentialAction\":[{\"@type\":\"SearchAction\",\"target\":{\"@type\":\"EntryPoint\",\"urlTemplate\":\"https:\/\/advantronic.hixd.es\/?s={search_term_string}\"},\"query-input\":\"required name=search_term_string\"}],\"inLanguage\":\"en-US\"},{\"@type\":\"Organization\",\"@id\":\"https:\/\/advantronic.hixd.es\/#organization\",\"name\":\"Advantronic Systems, S.L.\",\"url\":\"https:\/\/advantronic.hixd.es\/\",\"logo\":{\"@type\":\"ImageObject\",\"inLanguage\":\"en-US\",\"@id\":\"https:\/\/advantronic.hixd.es\/#\/schema\/logo\/image\/\",\"url\":\"http:\/\/advantronic.hixd.es\/wp-content\/uploads\/2022\/01\/logo_advantronic.png\",\"contentUrl\":\"http:\/\/advantronic.hixd.es\/wp-content\/uploads\/2022\/01\/logo_advantronic.png\",\"width\":154,\"height\":26,\"caption\":\"Advantronic Systems, S.L.\"},\"image\":{\"@id\":\"https:\/\/advantronic.hixd.es\/#\/schema\/logo\/image\/\"},\"sameAs\":[\"https:\/\/www.facebook.com\/Advantronic\",\"https:\/\/twitter.com\/advantronic\"]}]}<\/script>\n<!-- \/ Yoast SEO plugin. -->","yoast_head_json":{"title":"M\u00f3dulo 4 Entradas y 4 Salidas - Advantronic","robots":{"index":"noindex","follow":"follow","max-snippet":"max-snippet:-1","max-image-preview":"max-image-preview:large","max-video-preview":"max-video-preview:-1"},"og_locale":"en_US","og_type":"article","og_title":"M\u00f3dulo 4 Entradas y 4 Salidas - Advantronic","og_description":"Multim\u00f3dulo 4 entradas supervisadas y 4 salidas rel\u00e9","og_url":"http:\/\/advantronic.hixd.es\/en\/sistemas-analogicos\/modulo-4e-4s\/","og_site_name":"Advantronic","article_publisher":"https:\/\/www.facebook.com\/Advantronic","article_modified_time":"2021-12-27T16:55:14+00:00","og_image":[{"width":2560,"height":1920,"url":"http:\/\/advantronic.hixd.es\/wp-content\/uploads\/2021\/12\/AV404_f-scaled.jpg","type":"image\/jpeg"}],"twitter_card":"summary_large_image","twitter_site":"@advantronic","twitter_misc":{"Est. reading time":"1 minute"},"schema":{"@context":"https:\/\/schema.org","@graph":[{"@type":"WebPage","@id":"http:\/\/advantronic.hixd.es\/en\/sistemas-analogicos\/modulo-4e-4s\/","url":"http:\/\/advantronic.hixd.es\/en\/sistemas-analogicos\/modulo-4e-4s\/","name":"M\u00f3dulo 4 Entradas y 4 Salidas - Advantronic","isPartOf":{"@id":"https:\/\/advantronic.hixd.es\/#website"},"datePublished":"2021-12-27T16:40:54+00:00","dateModified":"2021-12-27T16:55:14+00:00","breadcrumb":{"@id":"http:\/\/advantronic.hixd.es\/en\/sistemas-analogicos\/modulo-4e-4s\/#breadcrumb"},"inLanguage":"en-US","potentialAction":[{"@type":"ReadAction","target":["http:\/\/advantronic.hixd.es\/en\/sistemas-analogicos\/modulo-4e-4s\/"]}]},{"@type":"BreadcrumbList","@id":"http:\/\/advantronic.hixd.es\/en\/sistemas-analogicos\/modulo-4e-4s\/#breadcrumb","itemListElement":[{"@type":"ListItem","position":1,"name":"Portada","item":"https:\/\/advantronic.hixd.es\/en\/"},{"@type":"ListItem","position":2,"name":"Products","item":"http:\/\/advantronic.hixd.es\/en\/shop\/"},{"@type":"ListItem","position":3,"name":"M\u00f3dulo 4 Entradas y 4 Salidas"}]},{"@type":"WebSite","@id":"https:\/\/advantronic.hixd.es\/#website","url":"https:\/\/advantronic.hixd.es\/","name":"Advantronic","description":"Sistemas de detecci\u00f3n autom\u00e1tica de incendios","publisher":{"@id":"https:\/\/advantronic.hixd.es\/#organization"},"potentialAction":[{"@type":"SearchAction","target":{"@type":"EntryPoint","urlTemplate":"https:\/\/advantronic.hixd.es\/?s={search_term_string}"},"query-input":"required name=search_term_string"}],"inLanguage":"en-US"},{"@type":"Organization","@id":"https:\/\/advantronic.hixd.es\/#organization","name":"Advantronic Systems, S.L.","url":"https:\/\/advantronic.hixd.es\/","logo":{"@type":"ImageObject","inLanguage":"en-US","@id":"https:\/\/advantronic.hixd.es\/#\/schema\/logo\/image\/","url":"http:\/\/advantronic.hixd.es\/wp-content\/uploads\/2022\/01\/logo_advantronic.png","contentUrl":"http:\/\/advantronic.hixd.es\/wp-content\/uploads\/2022\/01\/logo_advantronic.png","width":154,"height":26,"caption":"Advantronic Systems, S.L."},"image":{"@id":"https:\/\/advantronic.hixd.es\/#\/schema\/logo\/image\/"},"sameAs":["https:\/\/www.facebook.com\/Advantronic","https:\/\/twitter.com\/advantronic"]}]}},"_links":{"self":[{"href":"http:\/\/advantronic.hixd.es\/en\/wp-json\/wp\/v2\/product\/509"}],"collection":[{"href":"http:\/\/advantronic.hixd.es\/en\/wp-json\/wp\/v2\/product"}],"about":[{"href":"http:\/\/advantronic.hixd.es\/en\/wp-json\/wp\/v2\/types\/product"}],"wp:featuredmedia":[{"embeddable":true,"href":"http:\/\/advantronic.hixd.es\/en\/wp-json\/wp\/v2\/media\/511"}],"wp:attachment":[{"href":"http:\/\/advantronic.hixd.es\/en\/wp-json\/wp\/v2\/media?parent=509"}],"wp:term":[{"taxonomy":"product_cat","embeddable":true,"href":"http:\/\/advantronic.hixd.es\/en\/wp-json\/wp\/v2\/product_cat?post=509"},{"taxonomy":"product_tag","embeddable":true,"href":"http:\/\/advantronic.hixd.es\/en\/wp-json\/wp\/v2\/product_tag?post=509"}],"curies":[{"name":"wp","href":"https:\/\/api.w.org\/{rel}","templated":true}]}}